{"id":3074,"date":"2023-06-26T16:38:30","date_gmt":"2023-06-26T16:38:30","guid":{"rendered":"https:\/\/lalligaonline.org\/?page_id=3074"},"modified":"2025-04-30T13:19:06","modified_gmt":"2025-04-30T13:19:06","slug":"commitment-good-practices","status":"publish","type":"page","link":"https:\/\/lalligaonline.org\/en\/commitment-good-practices\/","title":{"rendered":"Commitment &#038; Good Practices"},"content":{"rendered":"\t\t<div data-elementor-type=\"wp-page\" data-elementor-id=\"3074\" class=\"elementor elementor-3074 elementor-774\" data-elementor-post-type=\"page\">\n\t\t\t\t<div class=\"elementor-element elementor-element-771c8bd e-flex e-con-boxed e-con e-parent\" data-id=\"771c8bd\" data-element_type=\"container\" data-e-type=\"container\" data-settings=\"{&quot;background_background&quot;:&quot;gradient&quot;,&quot;jet_parallax_layout_list&quot;:[]}\">\n\t\t\t\t\t<div class=\"e-con-inner\">\n\t\t<div class=\"elementor-element elementor-element-39c6a60 e-con-full elementor-hidden-tablet elementor-hidden-mobile e-flex e-con e-child\" data-id=\"39c6a60\" data-element_type=\"container\" data-e-type=\"container\" data-settings=\"{&quot;jet_parallax_layout_list&quot;:[]}\">\n\t\t\t\t<div class=\"elementor-element elementor-element-b9a4f1d elementor-widget elementor-widget-spacer\" data-id=\"b9a4f1d\" data-element_type=\"widget\" data-e-type=\"widget\" data-widget_type=\"spacer.default\">\n\t\t\t\t<div class=\"elementor-widget-container\">\n\t\t\t\t\t\t\t<div class=\"elementor-spacer\">\n\t\t\t<div class=\"elementor-spacer-inner\"><\/div>\n\t\t<\/div>\n\t\t\t\t\t\t<\/div>\n\t\t\t\t<\/div>\n\t\t\t\t<\/div>\n\t\t<div class=\"elementor-element elementor-element-59e1a4b e-flex e-con-boxed e-con e-child\" data-id=\"59e1a4b\" data-element_type=\"container\" data-e-type=\"container\" data-settings=\"{&quot;background_background&quot;:&quot;classic&quot;,&quot;jet_parallax_layout_list&quot;:[]}\">\n\t\t\t\t\t<div class=\"e-con-inner\">\n\t\t<div class=\"elementor-element elementor-element-52554b3 e-con-full e-flex e-con e-child\" data-id=\"52554b3\" data-element_type=\"container\" data-e-type=\"container\" data-settings=\"{&quot;jet_parallax_layout_list&quot;:[]}\">\n\t\t\t\t<div class=\"elementor-element elementor-element-ab3f8af elementor-widget elementor-widget-text-editor\" data-id=\"ab3f8af\" data-element_type=\"widget\" data-e-type=\"widget\" data-widget_type=\"text-editor.default\">\n\t\t\t\t<div class=\"elementor-widget-container\">\n\t\t\t\t\t\t\t\t\t<h4><span style=\"color: #008000;\"><strong>COMMITMENT &amp; GOOD PRACTICES<\/strong><\/span><\/h4>\t\t\t\t\t\t\t\t<\/div>\n\t\t\t\t<\/div>\n\t\t<div class=\"elementor-element elementor-element-9979721 e-con-full elementor-hidden-desktop elementor-hidden-tablet e-flex e-con e-child\" data-id=\"9979721\" data-element_type=\"container\" data-e-type=\"container\" data-settings=\"{&quot;jet_parallax_layout_list&quot;:[]}\">\n\t\t\t\t<div class=\"elementor-element elementor-element-615e435 elementor-widget elementor-widget-image\" data-id=\"615e435\" data-element_type=\"widget\" data-e-type=\"widget\" data-widget_type=\"image.default\">\n\t\t\t\t<div class=\"elementor-widget-container\">\n\t\t\t\t\t\t\t\t\t\t\t\t\t\t\t<img fetchpriority=\"high\" decoding=\"async\" width=\"626\" height=\"418\" src=\"https:\/\/lalligaonline.org\/wp-content\/uploads\/primer-plano-unio-manos_23-2147707765-1.avif\" class=\"attachment-large size-large wp-image-3360\" alt=\"\" srcset=\"https:\/\/lalligaonline.org\/wp-content\/uploads\/primer-plano-unio-manos_23-2147707765-1.avif 626w, https:\/\/lalligaonline.org\/wp-content\/uploads\/primer-plano-unio-manos_23-2147707765-1-600x401.avif 600w\" sizes=\"(max-width: 626px) 100vw, 626px\" \/>\t\t\t\t\t\t\t\t\t\t\t\t\t\t\t<\/div>\n\t\t\t\t<\/div>\n\t\t\t\t<\/div>\n\t\t<div class=\"elementor-element elementor-element-c926216 e-con-full e-flex e-con e-child\" data-id=\"c926216\" data-element_type=\"container\" data-e-type=\"container\" data-settings=\"{&quot;jet_parallax_layout_list&quot;:[]}\">\n\t\t\t\t<div class=\"elementor-element elementor-element-9afc437 elementor-widget__width-initial elementor-widget-mobile__width-inherit elementor-widget elementor-widget-text-editor\" data-id=\"9afc437\" data-element_type=\"widget\" data-e-type=\"widget\" data-widget_type=\"text-editor.default\">\n\t\t\t\t<div class=\"elementor-widget-container\">\n\t\t\t\t\t\t\t\t\t<p>The entity is registered in the <span style=\"color: #008000;\"><strong>Register of Associations of the Generalitat of Catalonia<\/strong><\/span> in section 1 of the Tarragona Register under number 3731. Its \u2018Personal Autonomy Support Service\u2019 is registered in the Register of Entities, Services and Social Establishments, in the Primary Social Care Services and Establishments Section, with number S07034.<\/p><p><span style=\"color: #333333;\"><strong><span style=\"color: #008000;\">La Lliga was declared of Public Utility on 20 November 2014.<\/span> \u00a0<\/strong><\/span><\/p><p>It is registered in the <span style=\"color: #008000;\"><strong>Municipal Register of entities of Tarragona City Council<\/strong><\/span> under number 804; and registered in the Municipal Register of citizen entities of <strong><span style=\"color: #008000;\">Reus City Council<\/span><\/strong> under number 253.<\/p><p><strong><span style=\"color: #008000;\">La Liga<\/span><\/strong> de Afectados Reumatol\u00f3gicos y Discapacitados Comarcas de Tarragona is a member of the Federaci\u00f3n Mistral Cocemfe Tarragona, Cocemfe Catalu\u00f1a, COCEMFE, the Federaci\u00f3n Catalana de Fibromialgia y S\u00edndrome de Fatiga Cr\u00f3nica, and the Fundaci\u00f3n de Afectados de Fibromialgia y S\u00edndrome de Fatiga Cr\u00f3nica.<\/p>\t\t\t\t\t\t\t\t<\/div>\n\t\t\t\t<\/div>\n\t\t<div class=\"elementor-element elementor-element-31e74ac e-con-full elementor-hidden-mobile e-flex e-con e-child\" data-id=\"31e74ac\" data-element_type=\"container\" data-e-type=\"container\" data-settings=\"{&quot;jet_parallax_layout_list&quot;:[]}\">\n\t\t\t\t<div class=\"elementor-element elementor-element-47efadd elementor-widget elementor-widget-image\" data-id=\"47efadd\" data-element_type=\"widget\" data-e-type=\"widget\" data-widget_type=\"image.default\">\n\t\t\t\t<div class=\"elementor-widget-container\">\n\t\t\t\t\t\t\t\t\t\t\t\t\t\t\t<img fetchpriority=\"high\" decoding=\"async\" width=\"626\" height=\"418\" src=\"https:\/\/lalligaonline.org\/wp-content\/uploads\/primer-plano-unio-manos_23-2147707765-1.avif\" class=\"attachment-large size-large wp-image-3360\" alt=\"\" srcset=\"https:\/\/lalligaonline.org\/wp-content\/uploads\/primer-plano-unio-manos_23-2147707765-1.avif 626w, https:\/\/lalligaonline.org\/wp-content\/uploads\/primer-plano-unio-manos_23-2147707765-1-600x401.avif 600w\" sizes=\"(max-width: 626px) 100vw, 626px\" \/>\t\t\t\t\t\t\t\t\t\t\t\t\t\t\t<\/div>\n\t\t\t\t<\/div>\n\t\t\t\t<\/div>\n\t\t\t\t<\/div>\n\t\t\t\t<div class=\"elementor-element elementor-element-17dbd0b elementor-widget elementor-widget-text-editor\" data-id=\"17dbd0b\" data-element_type=\"widget\" data-e-type=\"widget\" data-widget_type=\"text-editor.default\">\n\t\t\t\t<div class=\"elementor-widget-container\">\n\t\t\t\t\t\t\t\t\t<p><strong><span style=\"color: #008000;\">The organisation&#8217;s head office<\/span><\/strong> is located in Reus at 33-35 Doctor Ferran Street 1\u00b0 (Red Cross Building, on loan from the Reus City Council and the Reus Red Cross). The organisation also has <strong><span style=\"color: #008000;\">branches in the city of Tarragona<\/span><\/strong>: C\/ Francesc Bastos, 19 (Casa de Mar, on loan from the Generalitat de Catalunya).<\/p>\t\t\t\t\t\t\t\t<\/div>\n\t\t\t\t<\/div>\n\t\t\t\t<\/div>\n\t\t\t\t\t<\/div>\n\t\t\t\t<\/div>\n\t\t\t\t<div class=\"elementor-element elementor-element-25e6b4c elementor-widget elementor-widget-spacer\" data-id=\"25e6b4c\" data-element_type=\"widget\" data-e-type=\"widget\" data-widget_type=\"spacer.default\">\n\t\t\t\t<div class=\"elementor-widget-container\">\n\t\t\t\t\t\t\t<div class=\"elementor-spacer\">\n\t\t\t<div class=\"elementor-spacer-inner\"><\/div>\n\t\t<\/div>\n\t\t\t\t\t\t<\/div>\n\t\t\t\t<\/div>\n\t\t\t\t\t<\/div>\n\t\t\t\t<\/div>\n\t\t\t\t<\/div>\n\t\t","protected":false},"excerpt":{"rendered":"<p>COMMITMENT &amp; GOOD PRACTICES The entity is registered in the Register of Associations of the Generalitat of Catalonia in section 1 of the Tarragona Register under number 3731. Its \u2018Personal Autonomy Support Service\u2019 is registered in the Register of Entities, Services and Social Establishments, in the Primary Social Care Services and Establishments Section, with number [&hellip;]<\/p>\n","protected":false},"author":1,"featured_media":0,"parent":0,"menu_order":0,"comment_status":"closed","ping_status":"closed","template":"elementor_header_footer","meta":{"footnotes":""},"class_list":["post-3074","page","type-page","status-publish","hentry"],"yoast_head":"<!-- This site is optimized with the Yoast SEO plugin v27.2 - https:\/\/yoast.com\/product\/yoast-seo-wordpress\/ -->\n<title>Commitment &amp; Good Practices - La Lliga Online<\/title>\n<meta name=\"robots\" content=\"index, follow, max-snippet:-1, max-image-preview:large, max-video-preview:-1\" \/>\n<link rel=\"canonical\" href=\"https:\/\/lalligaonline.org\/en\/commitment-good-practices\/\" \/>\n<meta property=\"og:locale\" content=\"en_US\" \/>\n<meta property=\"og:type\" content=\"article\" \/>\n<meta property=\"og:title\" content=\"Commitment &amp; Good Practices - La Lliga Online\" \/>\n<meta property=\"og:description\" content=\"COMMITMENT &amp; GOOD PRACTICES The entity is registered in the Register of Associations of the Generalitat of Catalonia in section 1 of the Tarragona Register under number 3731. Its \u2018Personal Autonomy Support Service\u2019 is registered in the Register of Entities, Services and Social Establishments, in the Primary Social Care Services and Establishments Section, with number [&hellip;]\" \/>\n<meta property=\"og:url\" content=\"https:\/\/lalligaonline.org\/en\/commitment-good-practices\/\" \/>\n<meta property=\"og:site_name\" content=\"La Lliga Online\" \/>\n<meta property=\"article:modified_time\" content=\"2025-04-30T13:19:06+00:00\" \/>\n<meta property=\"og:image\" content=\"https:\/\/lalligaonline.org\/wp-content\/uploads\/primer-plano-unio-manos_23-2147707765-1.avif\" \/>\n<meta name=\"twitter:card\" content=\"summary_large_image\" \/>\n<meta name=\"twitter:label1\" content=\"Est. reading time\" \/>\n\t<meta name=\"twitter:data1\" content=\"2 minutes\" \/>\n<script type=\"application\/ld+json\" class=\"yoast-schema-graph\">{\"@context\":\"https:\/\/schema.org\",\"@graph\":[{\"@type\":\"WebPage\",\"@id\":\"https:\/\/lalligaonline.org\/en\/commitment-good-practices\/\",\"url\":\"https:\/\/lalligaonline.org\/en\/commitment-good-practices\/\",\"name\":\"Commitment & Good Practices - La Lliga Online\",\"isPartOf\":{\"@id\":\"https:\/\/lalligaonline.org\/#website\"},\"primaryImageOfPage\":{\"@id\":\"https:\/\/lalligaonline.org\/en\/commitment-good-practices\/#primaryimage\"},\"image\":{\"@id\":\"https:\/\/lalligaonline.org\/en\/commitment-good-practices\/#primaryimage\"},\"thumbnailUrl\":\"https:\/\/lalligaonline.org\/wp-content\/uploads\/primer-plano-unio-manos_23-2147707765-1.avif\",\"datePublished\":\"2023-06-26T16:38:30+00:00\",\"dateModified\":\"2025-04-30T13:19:06+00:00\",\"breadcrumb\":{\"@id\":\"https:\/\/lalligaonline.org\/en\/commitment-good-practices\/#breadcrumb\"},\"inLanguage\":\"en-US\",\"potentialAction\":[{\"@type\":\"ReadAction\",\"target\":[\"https:\/\/lalligaonline.org\/en\/commitment-good-practices\/\"]}]},{\"@type\":\"ImageObject\",\"inLanguage\":\"en-US\",\"@id\":\"https:\/\/lalligaonline.org\/en\/commitment-good-practices\/#primaryimage\",\"url\":\"https:\/\/lalligaonline.org\/wp-content\/uploads\/primer-plano-unio-manos_23-2147707765-1.avif\",\"contentUrl\":\"https:\/\/lalligaonline.org\/wp-content\/uploads\/primer-plano-unio-manos_23-2147707765-1.avif\"},{\"@type\":\"BreadcrumbList\",\"@id\":\"https:\/\/lalligaonline.org\/en\/commitment-good-practices\/#breadcrumb\",\"itemListElement\":[{\"@type\":\"ListItem\",\"position\":1,\"name\":\"Portada\",\"item\":\"https:\/\/lalligaonline.org\/en\/\"},{\"@type\":\"ListItem\",\"position\":2,\"name\":\"Commitment &#038; Good Practices\"}]},{\"@type\":\"WebSite\",\"@id\":\"https:\/\/lalligaonline.org\/#website\",\"url\":\"https:\/\/lalligaonline.org\/\",\"name\":\"La Lliga Online\",\"description\":\"La Lliga d&#039;Afectats Reumatol\u00f2gics i Discapacitats\",\"publisher\":{\"@id\":\"https:\/\/lalligaonline.org\/#organization\"},\"potentialAction\":[{\"@type\":\"SearchAction\",\"target\":{\"@type\":\"EntryPoint\",\"urlTemplate\":\"https:\/\/lalligaonline.org\/?s={search_term_string}\"},\"query-input\":{\"@type\":\"PropertyValueSpecification\",\"valueRequired\":true,\"valueName\":\"search_term_string\"}}],\"inLanguage\":\"en-US\"},{\"@type\":\"Organization\",\"@id\":\"https:\/\/lalligaonline.org\/#organization\",\"name\":\"La Lliga Online\",\"url\":\"https:\/\/lalligaonline.org\/\",\"logo\":{\"@type\":\"ImageObject\",\"inLanguage\":\"en-US\",\"@id\":\"https:\/\/lalligaonline.org\/#\/schema\/logo\/image\/\",\"url\":\"https:\/\/lalligaonline.org\/wp-content\/uploads\/cropped-la-lliga-dafectats-reumatologics-i-discapacitats.png\",\"contentUrl\":\"https:\/\/lalligaonline.org\/wp-content\/uploads\/cropped-la-lliga-dafectats-reumatologics-i-discapacitats.png\",\"width\":500,\"height\":193,\"caption\":\"La Lliga Online\"},\"image\":{\"@id\":\"https:\/\/lalligaonline.org\/#\/schema\/logo\/image\/\"}}]}<\/script>\n<!-- \/ Yoast SEO plugin. -->","yoast_head_json":{"title":"Commitment & Good Practices - La Lliga Online","robots":{"index":"index","follow":"follow","max-snippet":"max-snippet:-1","max-image-preview":"max-image-preview:large","max-video-preview":"max-video-preview:-1"},"canonical":"https:\/\/lalligaonline.org\/en\/commitment-good-practices\/","og_locale":"en_US","og_type":"article","og_title":"Commitment & Good Practices - La Lliga Online","og_description":"COMMITMENT &amp; GOOD PRACTICES The entity is registered in the Register of Associations of the Generalitat of Catalonia in section 1 of the Tarragona Register under number 3731. Its \u2018Personal Autonomy Support Service\u2019 is registered in the Register of Entities, Services and Social Establishments, in the Primary Social Care Services and Establishments Section, with number [&hellip;]","og_url":"https:\/\/lalligaonline.org\/en\/commitment-good-practices\/","og_site_name":"La Lliga Online","article_modified_time":"2025-04-30T13:19:06+00:00","og_image":[{"url":"https:\/\/lalligaonline.org\/wp-content\/uploads\/primer-plano-unio-manos_23-2147707765-1.avif","type":"","width":"","height":""}],"twitter_card":"summary_large_image","twitter_misc":{"Est. reading time":"2 minutes"},"schema":{"@context":"https:\/\/schema.org","@graph":[{"@type":"WebPage","@id":"https:\/\/lalligaonline.org\/en\/commitment-good-practices\/","url":"https:\/\/lalligaonline.org\/en\/commitment-good-practices\/","name":"Commitment & Good Practices - La Lliga Online","isPartOf":{"@id":"https:\/\/lalligaonline.org\/#website"},"primaryImageOfPage":{"@id":"https:\/\/lalligaonline.org\/en\/commitment-good-practices\/#primaryimage"},"image":{"@id":"https:\/\/lalligaonline.org\/en\/commitment-good-practices\/#primaryimage"},"thumbnailUrl":"https:\/\/lalligaonline.org\/wp-content\/uploads\/primer-plano-unio-manos_23-2147707765-1.avif","datePublished":"2023-06-26T16:38:30+00:00","dateModified":"2025-04-30T13:19:06+00:00","breadcrumb":{"@id":"https:\/\/lalligaonline.org\/en\/commitment-good-practices\/#breadcrumb"},"inLanguage":"en-US","potentialAction":[{"@type":"ReadAction","target":["https:\/\/lalligaonline.org\/en\/commitment-good-practices\/"]}]},{"@type":"ImageObject","inLanguage":"en-US","@id":"https:\/\/lalligaonline.org\/en\/commitment-good-practices\/#primaryimage","url":"https:\/\/lalligaonline.org\/wp-content\/uploads\/primer-plano-unio-manos_23-2147707765-1.avif","contentUrl":"https:\/\/lalligaonline.org\/wp-content\/uploads\/primer-plano-unio-manos_23-2147707765-1.avif"},{"@type":"BreadcrumbList","@id":"https:\/\/lalligaonline.org\/en\/commitment-good-practices\/#breadcrumb","itemListElement":[{"@type":"ListItem","position":1,"name":"Portada","item":"https:\/\/lalligaonline.org\/en\/"},{"@type":"ListItem","position":2,"name":"Commitment &#038; Good Practices"}]},{"@type":"WebSite","@id":"https:\/\/lalligaonline.org\/#website","url":"https:\/\/lalligaonline.org\/","name":"La Lliga Online","description":"La Lliga d&#039;Afectats Reumatol\u00f2gics i Discapacitats","publisher":{"@id":"https:\/\/lalligaonline.org\/#organization"},"potentialAction":[{"@type":"SearchAction","target":{"@type":"EntryPoint","urlTemplate":"https:\/\/lalligaonline.org\/?s={search_term_string}"},"query-input":{"@type":"PropertyValueSpecification","valueRequired":true,"valueName":"search_term_string"}}],"inLanguage":"en-US"},{"@type":"Organization","@id":"https:\/\/lalligaonline.org\/#organization","name":"La Lliga Online","url":"https:\/\/lalligaonline.org\/","logo":{"@type":"ImageObject","inLanguage":"en-US","@id":"https:\/\/lalligaonline.org\/#\/schema\/logo\/image\/","url":"https:\/\/lalligaonline.org\/wp-content\/uploads\/cropped-la-lliga-dafectats-reumatologics-i-discapacitats.png","contentUrl":"https:\/\/lalligaonline.org\/wp-content\/uploads\/cropped-la-lliga-dafectats-reumatologics-i-discapacitats.png","width":500,"height":193,"caption":"La Lliga Online"},"image":{"@id":"https:\/\/lalligaonline.org\/#\/schema\/logo\/image\/"}}]}},"_links":{"self":[{"href":"https:\/\/lalligaonline.org\/en\/wp-json\/wp\/v2\/pages\/3074","targetHints":{"allow":["GET"]}}],"collection":[{"href":"https:\/\/lalligaonline.org\/en\/wp-json\/wp\/v2\/pages"}],"about":[{"href":"https:\/\/lalligaonline.org\/en\/wp-json\/wp\/v2\/types\/page"}],"author":[{"embeddable":true,"href":"https:\/\/lalligaonline.org\/en\/wp-json\/wp\/v2\/users\/1"}],"replies":[{"embeddable":true,"href":"https:\/\/lalligaonline.org\/en\/wp-json\/wp\/v2\/comments?post=3074"}],"version-history":[{"count":19,"href":"https:\/\/lalligaonline.org\/en\/wp-json\/wp\/v2\/pages\/3074\/revisions"}],"predecessor-version":[{"id":4095,"href":"https:\/\/lalligaonline.org\/en\/wp-json\/wp\/v2\/pages\/3074\/revisions\/4095"}],"wp:attachment":[{"href":"https:\/\/lalligaonline.org\/en\/wp-json\/wp\/v2\/media?parent=3074"}],"curies":[{"name":"wp","href":"https:\/\/api.w.org\/{rel}","templated":true}]}}