{"id":4107,"date":"2023-08-24T07:48:28","date_gmt":"2023-08-24T07:48:28","guid":{"rendered":"https:\/\/lalligaonline.org\/?page_id=4107"},"modified":"2025-04-30T16:47:07","modified_gmt":"2025-04-30T16:47:07","slug":"no-mho-posis-mes-dificil","status":"publish","type":"page","link":"https:\/\/lalligaonline.org\/en\/no-mho-posis-mes-dificil\/","title":{"rendered":"NO M\u2019HO POSIS M\u00c9S DIF\u00cdCIL"},"content":{"rendered":"\t\t<div data-elementor-type=\"wp-page\" data-elementor-id=\"4107\" class=\"elementor elementor-4107 elementor-2049\" data-elementor-post-type=\"page\">\n\t\t\t\t<div class=\"elementor-element elementor-element-581e175 e-flex e-con-boxed e-con e-parent\" data-id=\"581e175\" data-element_type=\"container\" data-e-type=\"container\" data-settings=\"{&quot;background_background&quot;:&quot;gradient&quot;,&quot;jet_parallax_layout_list&quot;:[]}\">\n\t\t\t\t\t<div class=\"e-con-inner\">\n\t\t<div class=\"elementor-element elementor-element-1666b21 e-con-full elementor-hidden-tablet elementor-hidden-mobile e-flex e-con e-child\" data-id=\"1666b21\" data-element_type=\"container\" data-e-type=\"container\" data-settings=\"{&quot;jet_parallax_layout_list&quot;:[]}\">\n\t\t\t\t<div class=\"elementor-element elementor-element-c06b2d5 elementor-widget elementor-widget-spacer\" data-id=\"c06b2d5\" data-element_type=\"widget\" data-e-type=\"widget\" data-widget_type=\"spacer.default\">\n\t\t\t\t<div class=\"elementor-widget-container\">\n\t\t\t\t\t\t\t<div class=\"elementor-spacer\">\n\t\t\t<div class=\"elementor-spacer-inner\"><\/div>\n\t\t<\/div>\n\t\t\t\t\t\t<\/div>\n\t\t\t\t<\/div>\n\t\t\t\t<\/div>\n\t\t<div class=\"elementor-element elementor-element-36a0cfc e-con-full e-flex e-con e-child\" data-id=\"36a0cfc\" data-element_type=\"container\" data-e-type=\"container\" data-settings=\"{&quot;background_background&quot;:&quot;classic&quot;,&quot;jet_parallax_layout_list&quot;:[]}\">\n\t\t<div class=\"elementor-element elementor-element-19dc6fd e-con-full e-flex e-con e-child\" data-id=\"19dc6fd\" data-element_type=\"container\" data-e-type=\"container\" data-settings=\"{&quot;jet_parallax_layout_list&quot;:[]}\">\n\t\t<div class=\"elementor-element elementor-element-9b9f484 e-con-full e-flex e-con e-child\" data-id=\"9b9f484\" data-element_type=\"container\" data-e-type=\"container\" data-settings=\"{&quot;jet_parallax_layout_list&quot;:[]}\">\n\t\t\t\t<div class=\"elementor-element elementor-element-7639a7c elementor-widget__width-auto elementor-invisible elementor-widget elementor-widget-text-editor\" data-id=\"7639a7c\" data-element_type=\"widget\" data-e-type=\"widget\" data-settings=\"{&quot;_animation&quot;:&quot;fadeInRight&quot;,&quot;_animation_delay&quot;:200}\" data-widget_type=\"text-editor.default\">\n\t\t\t\t<div class=\"elementor-widget-container\">\n\t\t\t\t\t\t\t\t\t<h3><strong><span style=\"color: #008000;\"><b>NO M&#8217;HO POSIS M\u00c9S DIF\u00cdCIL<\/b><\/span><\/strong><\/h3>\t\t\t\t\t\t\t\t<\/div>\n\t\t\t\t<\/div>\n\t\t\t\t<div class=\"elementor-element elementor-element-a9ad908 elementor-invisible elementor-widget elementor-widget-text-editor\" data-id=\"a9ad908\" data-element_type=\"widget\" data-e-type=\"widget\" data-settings=\"{&quot;_animation&quot;:&quot;fadeInRight&quot;,&quot;_animation_delay&quot;:500}\" data-widget_type=\"text-editor.default\">\n\t\t\t\t<div class=\"elementor-widget-container\">\n\t\t\t\t\t\t\t\t\t<p>With the awareness program on reserved spaces <span style=\"color: #008000;\"><strong>&#8220;No\u00a0m\u2019ho posis m\u00e9s\u00a0Dif\u00edcil&#8221; <\/strong><span style=\"color: #008000;\">(<\/span><em data-start=\"98\" data-end=\"129\">&#8220;Don&#8217;t Make It Harder for Me&#8221;)<\/em><\/span>, the focus is placed on the daily problems and barriers that people with disabilities have to face and overcome. The program explains the regulations regarding <span style=\"color: #008000;\"><strong>reserved parking<\/strong><\/span> and analyzes examples of good and bad practices on this matter.<\/p><p><strong><span style=\"color: #008000;\">La Lliga<\/span><\/strong> carries out various campaigns with the goals of <strong><span style=\"color: #008000;\">informing, educating, raising awareness<\/span><span style=\"color: #008000;\">, and providing support<\/span><\/strong> \u2014 objectives that serve as an important vehicle for achieving the ultimate goal of <strong><span style=\"color: #008000;\">normalizing<\/span> <\/strong>the inclusion of people with disabilities in society and ensuring <span style=\"color: #008000;\"><strong>universal accessibility<\/strong><\/span>.<\/p><p>To implement the <span style=\"color: #008000;\"><b>No <\/b><b>m\u2019ho<\/b> <b>posis<\/b> <b>m\u00e9s<\/b><b> dif\u00edcil<\/b><\/span>\u00a0program, stickers have been designed to capture the attention of citizens, allowing them to associate the imagery with a message of protest and advocacy for the <strong><span style=\"color: #008000;\">rights of people with disabilities<\/span><\/strong>.<\/p>\t\t\t\t\t\t\t\t<\/div>\n\t\t\t\t<\/div>\n\t\t\t\t<\/div>\n\t\t<div class=\"elementor-element elementor-element-74ae155 e-con-full e-flex elementor-invisible e-con e-child\" data-id=\"74ae155\" data-element_type=\"container\" data-e-type=\"container\" data-settings=\"{&quot;animation&quot;:&quot;zoomIn&quot;,&quot;animation_delay&quot;:1000,&quot;jet_parallax_layout_list&quot;:[]}\">\n\t\t\t\t<div class=\"elementor-element elementor-element-67847d7 elementor-widget__width-initial elementor-invisible elementor-widget elementor-widget-image\" data-id=\"67847d7\" data-element_type=\"widget\" data-e-type=\"widget\" data-settings=\"{&quot;_animation&quot;:&quot;zoomIn&quot;,&quot;_animation_delay&quot;:700}\" data-widget_type=\"image.default\">\n\t\t\t\t<div class=\"elementor-widget-container\">\n\t\t\t\t\t\t\t\t\t\t\t\t\t\t\t<img fetchpriority=\"high\" decoding=\"async\" width=\"800\" height=\"800\" src=\"https:\/\/lalligaonline.org\/wp-content\/uploads\/Foto-Enganxina-824x824.jpg\" class=\"attachment-large size-large wp-image-2465\" alt=\"\" srcset=\"https:\/\/lalligaonline.org\/wp-content\/uploads\/Foto-Enganxina-824x824.jpg 824w, https:\/\/lalligaonline.org\/wp-content\/uploads\/Foto-Enganxina-600x600.jpg 600w, https:\/\/lalligaonline.org\/wp-content\/uploads\/Foto-Enganxina-300x300.jpg 300w, https:\/\/lalligaonline.org\/wp-content\/uploads\/Foto-Enganxina-768x768.jpg 768w, https:\/\/lalligaonline.org\/wp-content\/uploads\/Foto-Enganxina.jpg 1080w\" sizes=\"(max-width: 800px) 100vw, 800px\" \/>\t\t\t\t\t\t\t\t\t\t\t\t\t\t\t<\/div>\n\t\t\t\t<\/div>\n\t\t\t\t<\/div>\n\t\t\t\t<\/div>\n\t\t<div class=\"elementor-element elementor-element-03fa1e2 elementor-hidden-tablet e-con-full e-flex e-con e-child\" data-id=\"03fa1e2\" data-element_type=\"container\" data-e-type=\"container\" data-settings=\"{&quot;jet_parallax_layout_list&quot;:[]}\">\n\t\t\t\t<div class=\"elementor-element elementor-element-803821c elementor-widget-divider--separator-type-pattern elementor-widget-divider--view-line elementor-invisible elementor-widget elementor-widget-divider\" data-id=\"803821c\" data-element_type=\"widget\" data-e-type=\"widget\" data-settings=\"{&quot;_animation&quot;:&quot;fadeIn&quot;,&quot;_animation_delay&quot;:1500}\" data-widget_type=\"divider.default\">\n\t\t\t\t<div class=\"elementor-widget-container\">\n\t\t\t\t\t\t\t<div class=\"elementor-divider\" style=\"--divider-pattern-url: url(&quot;data:image\/svg+xml,%3Csvg xmlns=&#039;http:\/\/www.w3.org\/2000\/svg&#039; preserveAspectRatio=&#039;none&#039; overflow=&#039;visible&#039; height=&#039;100%&#039; viewBox=&#039;0 0 24 24&#039; fill=&#039;black&#039; stroke=&#039;none&#039;%3E%3Cpath d=&#039;M12.7,2.3c-0.4-0.4-1.1-0.4-1.5,0l-8,9.1c-0.3,0.4-0.3,0.9,0,1.2l8,9.1c0.4,0.4,1.1,0.4,1.5,0l8-9.1c0.3-0.4,0.3-0.9,0-1.2L12.7,2.3z&#039;\/%3E%3C\/svg%3E&quot;);\">\n\t\t\t<span class=\"elementor-divider-separator\">\n\t\t\t\t\t\t<\/span>\n\t\t<\/div>\n\t\t\t\t\t\t<\/div>\n\t\t\t\t<\/div>\n\t\t\t\t<\/div>\n\t\t<div class=\"elementor-element elementor-element-1e1bbf3 e-con-full e-flex e-con e-child\" data-id=\"1e1bbf3\" data-element_type=\"container\" data-e-type=\"container\" data-settings=\"{&quot;jet_parallax_layout_list&quot;:[]}\">\n\t\t<div class=\"elementor-element elementor-element-ed326ee e-con-full e-flex elementor-invisible e-con e-child\" data-id=\"ed326ee\" data-element_type=\"container\" data-e-type=\"container\" data-settings=\"{&quot;animation&quot;:&quot;zoomIn&quot;,&quot;animation_delay&quot;:1000,&quot;jet_parallax_layout_list&quot;:[]}\">\n\t\t\t\t<div class=\"elementor-element elementor-element-6d2a073 elementor-widget__width-initial elementor-invisible elementor-widget elementor-widget-image\" data-id=\"6d2a073\" data-element_type=\"widget\" data-e-type=\"widget\" data-settings=\"{&quot;_animation&quot;:&quot;zoomIn&quot;,&quot;_animation_delay&quot;:1300}\" data-widget_type=\"image.default\">\n\t\t\t\t<div class=\"elementor-widget-container\">\n\t\t\t\t\t\t\t\t\t\t\t\t\t\t\t<img decoding=\"async\" width=\"642\" height=\"824\" src=\"https:\/\/lalligaonline.org\/wp-content\/uploads\/Imagenes-enganchina-web-1-1-642x824.jpg\" class=\"attachment-large size-large wp-image-4108\" alt=\"\" srcset=\"https:\/\/lalligaonline.org\/wp-content\/uploads\/Imagenes-enganchina-web-1-1-642x824.jpg 642w, https:\/\/lalligaonline.org\/wp-content\/uploads\/Imagenes-enganchina-web-1-1-467x600.jpg 467w, https:\/\/lalligaonline.org\/wp-content\/uploads\/Imagenes-enganchina-web-1-1-768x986.jpg 768w, https:\/\/lalligaonline.org\/wp-content\/uploads\/Imagenes-enganchina-web-1-1.jpg 841w\" sizes=\"(max-width: 642px) 100vw, 642px\" \/>\t\t\t\t\t\t\t\t\t\t\t\t\t\t\t<\/div>\n\t\t\t\t<\/div>\n\t\t\t\t<\/div>\n\t\t<div class=\"elementor-element elementor-element-9c930a3 e-con-full e-flex e-con e-child\" data-id=\"9c930a3\" data-element_type=\"container\" data-e-type=\"container\" data-settings=\"{&quot;jet_parallax_layout_list&quot;:[]}\">\n\t\t\t\t<div class=\"elementor-element elementor-element-21baa7a elementor-widget__width-auto elementor-invisible elementor-widget elementor-widget-text-editor\" data-id=\"21baa7a\" data-element_type=\"widget\" data-e-type=\"widget\" data-settings=\"{&quot;_animation&quot;:&quot;fadeInLeft&quot;,&quot;_animation_delay&quot;:900}\" data-widget_type=\"text-editor.default\">\n\t\t\t\t<div class=\"elementor-widget-container\">\n\t\t\t\t\t\t\t\t\t<h3><strong><span style=\"color: #008000;\">RESERVED PARKING SPACES<\/span><\/strong><\/h3>\t\t\t\t\t\t\t\t<\/div>\n\t\t\t\t<\/div>\n\t\t\t\t<div class=\"elementor-element elementor-element-2041973 elementor-invisible elementor-widget elementor-widget-text-editor\" data-id=\"2041973\" data-element_type=\"widget\" data-e-type=\"widget\" data-settings=\"{&quot;_animation&quot;:&quot;fadeInLeft&quot;,&quot;_animation_delay&quot;:1100}\" data-widget_type=\"text-editor.default\">\n\t\t\t\t<div class=\"elementor-widget-container\">\n\t\t\t\t\t\t\t\t\t<p style=\"text-align: justify;\">In <strong><span style=\"color: #008000;\">2022<\/span><\/strong>, it was possible to resume the program, which is based on two main pillars and the actions derived from them:<\/p><ul><li style=\"list-style-type: none;\"><ul><li>One aimed at the <span style=\"color: #008000;\"><strong>general population<\/strong><\/span>.<\/li><\/ul><\/li><\/ul><ul><li style=\"list-style-type: none;\"><ul><li>Another with a school-based approach, integrated into the &#8220;<span style=\"color: #008000;\"><b>Proactiu per la discapacitat&#8221; <\/b>(&#8220;<em data-start=\"304\" data-end=\"330\">Proactive for Disability&#8221;)<\/em><\/span> program, and also included during the &#8220;<span style=\"color: #008000;\"><strong>Accessibilitat Universal&#8221; <\/strong>(&#8220;<em data-start=\"369\" data-end=\"394\">Universal Accessibility&#8221;)<\/em><\/span> activity led by the organization\u2019s facilitators.<\/li><\/ul><\/li><\/ul><ul><li style=\"list-style-type: none;\"><ul><li>In educational centers, as part of the &#8220;<span style=\"color: #008000;\"><strong>No Passis de Roda a Roda&#8221;<\/strong> (&#8220;<em data-start=\"484\" data-end=\"508\">Don\u2019t Skip Roda a Roda&#8221;)<\/em><\/span> program, students are informed about the regulations regarding <strong><span style=\"color: #008000;\">Reserved Parking Spaces<\/span><\/strong><span style=\"font-size: inherit;\"> for people with disabilities. Examples of good and bad practices are analyzed, students\u2019 questions are answered, and <\/span><strong style=\"font-size: inherit;\"><span style=\"color: #008000;\">stickers<\/span><\/strong> <span style=\"font-size: inherit; color: #008000;\">(post-its)<\/span><span style=\"font-size: inherit;\"> are distributed for placement on vehicles that occupy Reserved Parking Spaces without authorization<\/span><\/li><\/ul><\/li><\/ul><ul><li style=\"list-style-type: none;\"><ul><li>The <strong><span style=\"color: #008000;\">distribution<\/span> <\/strong>is carried out by the facilitators.<\/li><\/ul><\/li><\/ul><p>As this is a program with a social scope, the <strong><span style=\"color: #008000;\">beneficiaries are society<\/span><\/strong> as a whole. Raising awareness benefits people with <span style=\"color: #008000;\"><strong>reduced mobility<\/strong><\/span> who hold a Reserved Parking permit.<\/p>\t\t\t\t\t\t\t\t<\/div>\n\t\t\t\t<\/div>\n\t\t\t\t<\/div>\n\t\t\t\t<\/div>\n\t\t\t\t<\/div>\n\t\t<div class=\"elementor-element elementor-element-9ef12f3 elementor-hidden-tablet elementor-hidden-mobile e-con-full e-flex e-con e-child\" data-id=\"9ef12f3\" data-element_type=\"container\" data-e-type=\"container\" data-settings=\"{&quot;jet_parallax_layout_list&quot;:[]}\">\n\t\t\t\t<div class=\"elementor-element elementor-element-26baa73 elementor-widget elementor-widget-spacer\" data-id=\"26baa73\" data-element_type=\"widget\" data-e-type=\"widget\" data-widget_type=\"spacer.default\">\n\t\t\t\t<div class=\"elementor-widget-container\">\n\t\t\t\t\t\t\t<div class=\"elementor-spacer\">\n\t\t\t<div class=\"elementor-spacer-inner\"><\/div>\n\t\t<\/div>\n\t\t\t\t\t\t<\/div>\n\t\t\t\t<\/div>\n\t\t\t\t<\/div>\n\t\t\t\t\t<\/div>\n\t\t\t\t<\/div>\n\t\t\t\t<\/div>\n\t\t","protected":false},"excerpt":{"rendered":"<p>NO M&#8217;HO POSIS M\u00c9S DIF\u00cdCIL With the awareness program on reserved spaces &#8220;No\u00a0m\u2019ho posis m\u00e9s\u00a0Dif\u00edcil&#8221; (&#8220;Don&#8217;t Make It Harder for Me&#8221;), the focus is placed on the daily problems and barriers that people with disabilities have to face and overcome. The program explains the regulations regarding reserved parking and analyzes examples of good and bad [&hellip;]<\/p>\n","protected":false},"author":1,"featured_media":0,"parent":0,"menu_order":0,"comment_status":"closed","ping_status":"closed","template":"elementor_header_footer","meta":{"footnotes":""},"class_list":["post-4107","page","type-page","status-publish","hentry"],"yoast_head":"<!-- This site is optimized with the Yoast SEO plugin v27.2 - https:\/\/yoast.com\/product\/yoast-seo-wordpress\/ -->\n<title>NO M\u2019HO POSIS M\u00c9S DIF\u00cdCIL - La Lliga Online<\/title>\n<meta name=\"robots\" content=\"index, follow, max-snippet:-1, max-image-preview:large, max-video-preview:-1\" \/>\n<link rel=\"canonical\" href=\"https:\/\/lalligaonline.org\/en\/no-mho-posis-mes-dificil\/\" \/>\n<meta property=\"og:locale\" content=\"en_US\" \/>\n<meta property=\"og:type\" content=\"article\" \/>\n<meta property=\"og:title\" content=\"NO M\u2019HO POSIS M\u00c9S DIF\u00cdCIL - La Lliga Online\" \/>\n<meta property=\"og:description\" content=\"NO M&#8217;HO POSIS M\u00c9S DIF\u00cdCIL With the awareness program on reserved spaces &#8220;No\u00a0m\u2019ho posis m\u00e9s\u00a0Dif\u00edcil&#8221; (&#8220;Don&#8217;t Make It Harder for Me&#8221;), the focus is placed on the daily problems and barriers that people with disabilities have to face and overcome. The program explains the regulations regarding reserved parking and analyzes examples of good and bad [&hellip;]\" \/>\n<meta property=\"og:url\" content=\"https:\/\/lalligaonline.org\/en\/no-mho-posis-mes-dificil\/\" \/>\n<meta property=\"og:site_name\" content=\"La Lliga Online\" \/>\n<meta property=\"article:modified_time\" content=\"2025-04-30T16:47:07+00:00\" \/>\n<meta property=\"og:image\" content=\"https:\/\/lalligaonline.org\/wp-content\/uploads\/Foto-Enganxina-824x824.jpg\" \/>\n<meta name=\"twitter:card\" content=\"summary_large_image\" \/>\n<meta name=\"twitter:label1\" content=\"Est. reading time\" \/>\n\t<meta name=\"twitter:data1\" content=\"2 minutes\" \/>\n<script type=\"application\/ld+json\" class=\"yoast-schema-graph\">{\"@context\":\"https:\/\/schema.org\",\"@graph\":[{\"@type\":\"WebPage\",\"@id\":\"https:\/\/lalligaonline.org\/en\/no-mho-posis-mes-dificil\/\",\"url\":\"https:\/\/lalligaonline.org\/en\/no-mho-posis-mes-dificil\/\",\"name\":\"NO M\u2019HO POSIS M\u00c9S DIF\u00cdCIL - La Lliga Online\",\"isPartOf\":{\"@id\":\"https:\/\/lalligaonline.org\/#website\"},\"primaryImageOfPage\":{\"@id\":\"https:\/\/lalligaonline.org\/en\/no-mho-posis-mes-dificil\/#primaryimage\"},\"image\":{\"@id\":\"https:\/\/lalligaonline.org\/en\/no-mho-posis-mes-dificil\/#primaryimage\"},\"thumbnailUrl\":\"https:\/\/lalligaonline.org\/wp-content\/uploads\/Foto-Enganxina-824x824.jpg\",\"datePublished\":\"2023-08-24T07:48:28+00:00\",\"dateModified\":\"2025-04-30T16:47:07+00:00\",\"breadcrumb\":{\"@id\":\"https:\/\/lalligaonline.org\/en\/no-mho-posis-mes-dificil\/#breadcrumb\"},\"inLanguage\":\"en-US\",\"potentialAction\":[{\"@type\":\"ReadAction\",\"target\":[\"https:\/\/lalligaonline.org\/en\/no-mho-posis-mes-dificil\/\"]}]},{\"@type\":\"ImageObject\",\"inLanguage\":\"en-US\",\"@id\":\"https:\/\/lalligaonline.org\/en\/no-mho-posis-mes-dificil\/#primaryimage\",\"url\":\"https:\/\/lalligaonline.org\/wp-content\/uploads\/Foto-Enganxina-824x824.jpg\",\"contentUrl\":\"https:\/\/lalligaonline.org\/wp-content\/uploads\/Foto-Enganxina-824x824.jpg\"},{\"@type\":\"BreadcrumbList\",\"@id\":\"https:\/\/lalligaonline.org\/en\/no-mho-posis-mes-dificil\/#breadcrumb\",\"itemListElement\":[{\"@type\":\"ListItem\",\"position\":1,\"name\":\"Portada\",\"item\":\"https:\/\/lalligaonline.org\/en\/\"},{\"@type\":\"ListItem\",\"position\":2,\"name\":\"NO M\u2019HO POSIS M\u00c9S DIF\u00cdCIL\"}]},{\"@type\":\"WebSite\",\"@id\":\"https:\/\/lalligaonline.org\/#website\",\"url\":\"https:\/\/lalligaonline.org\/\",\"name\":\"La Lliga Online\",\"description\":\"La Lliga d&#039;Afectats Reumatol\u00f2gics i Discapacitats\",\"publisher\":{\"@id\":\"https:\/\/lalligaonline.org\/#organization\"},\"potentialAction\":[{\"@type\":\"SearchAction\",\"target\":{\"@type\":\"EntryPoint\",\"urlTemplate\":\"https:\/\/lalligaonline.org\/?s={search_term_string}\"},\"query-input\":{\"@type\":\"PropertyValueSpecification\",\"valueRequired\":true,\"valueName\":\"search_term_string\"}}],\"inLanguage\":\"en-US\"},{\"@type\":\"Organization\",\"@id\":\"https:\/\/lalligaonline.org\/#organization\",\"name\":\"La Lliga Online\",\"url\":\"https:\/\/lalligaonline.org\/\",\"logo\":{\"@type\":\"ImageObject\",\"inLanguage\":\"en-US\",\"@id\":\"https:\/\/lalligaonline.org\/#\/schema\/logo\/image\/\",\"url\":\"https:\/\/lalligaonline.org\/wp-content\/uploads\/cropped-la-lliga-dafectats-reumatologics-i-discapacitats.png\",\"contentUrl\":\"https:\/\/lalligaonline.org\/wp-content\/uploads\/cropped-la-lliga-dafectats-reumatologics-i-discapacitats.png\",\"width\":500,\"height\":193,\"caption\":\"La Lliga Online\"},\"image\":{\"@id\":\"https:\/\/lalligaonline.org\/#\/schema\/logo\/image\/\"}}]}<\/script>\n<!-- \/ Yoast SEO plugin. -->","yoast_head_json":{"title":"NO M\u2019HO POSIS M\u00c9S DIF\u00cdCIL - La Lliga Online","robots":{"index":"index","follow":"follow","max-snippet":"max-snippet:-1","max-image-preview":"max-image-preview:large","max-video-preview":"max-video-preview:-1"},"canonical":"https:\/\/lalligaonline.org\/en\/no-mho-posis-mes-dificil\/","og_locale":"en_US","og_type":"article","og_title":"NO M\u2019HO POSIS M\u00c9S DIF\u00cdCIL - La Lliga Online","og_description":"NO M&#8217;HO POSIS M\u00c9S DIF\u00cdCIL With the awareness program on reserved spaces &#8220;No\u00a0m\u2019ho posis m\u00e9s\u00a0Dif\u00edcil&#8221; (&#8220;Don&#8217;t Make It Harder for Me&#8221;), the focus is placed on the daily problems and barriers that people with disabilities have to face and overcome. The program explains the regulations regarding reserved parking and analyzes examples of good and bad [&hellip;]","og_url":"https:\/\/lalligaonline.org\/en\/no-mho-posis-mes-dificil\/","og_site_name":"La Lliga Online","article_modified_time":"2025-04-30T16:47:07+00:00","og_image":[{"url":"https:\/\/lalligaonline.org\/wp-content\/uploads\/Foto-Enganxina-824x824.jpg","type":"","width":"","height":""}],"twitter_card":"summary_large_image","twitter_misc":{"Est. reading time":"2 minutes"},"schema":{"@context":"https:\/\/schema.org","@graph":[{"@type":"WebPage","@id":"https:\/\/lalligaonline.org\/en\/no-mho-posis-mes-dificil\/","url":"https:\/\/lalligaonline.org\/en\/no-mho-posis-mes-dificil\/","name":"NO M\u2019HO POSIS M\u00c9S DIF\u00cdCIL - La Lliga Online","isPartOf":{"@id":"https:\/\/lalligaonline.org\/#website"},"primaryImageOfPage":{"@id":"https:\/\/lalligaonline.org\/en\/no-mho-posis-mes-dificil\/#primaryimage"},"image":{"@id":"https:\/\/lalligaonline.org\/en\/no-mho-posis-mes-dificil\/#primaryimage"},"thumbnailUrl":"https:\/\/lalligaonline.org\/wp-content\/uploads\/Foto-Enganxina-824x824.jpg","datePublished":"2023-08-24T07:48:28+00:00","dateModified":"2025-04-30T16:47:07+00:00","breadcrumb":{"@id":"https:\/\/lalligaonline.org\/en\/no-mho-posis-mes-dificil\/#breadcrumb"},"inLanguage":"en-US","potentialAction":[{"@type":"ReadAction","target":["https:\/\/lalligaonline.org\/en\/no-mho-posis-mes-dificil\/"]}]},{"@type":"ImageObject","inLanguage":"en-US","@id":"https:\/\/lalligaonline.org\/en\/no-mho-posis-mes-dificil\/#primaryimage","url":"https:\/\/lalligaonline.org\/wp-content\/uploads\/Foto-Enganxina-824x824.jpg","contentUrl":"https:\/\/lalligaonline.org\/wp-content\/uploads\/Foto-Enganxina-824x824.jpg"},{"@type":"BreadcrumbList","@id":"https:\/\/lalligaonline.org\/en\/no-mho-posis-mes-dificil\/#breadcrumb","itemListElement":[{"@type":"ListItem","position":1,"name":"Portada","item":"https:\/\/lalligaonline.org\/en\/"},{"@type":"ListItem","position":2,"name":"NO M\u2019HO POSIS M\u00c9S DIF\u00cdCIL"}]},{"@type":"WebSite","@id":"https:\/\/lalligaonline.org\/#website","url":"https:\/\/lalligaonline.org\/","name":"La Lliga Online","description":"La Lliga d&#039;Afectats Reumatol\u00f2gics i Discapacitats","publisher":{"@id":"https:\/\/lalligaonline.org\/#organization"},"potentialAction":[{"@type":"SearchAction","target":{"@type":"EntryPoint","urlTemplate":"https:\/\/lalligaonline.org\/?s={search_term_string}"},"query-input":{"@type":"PropertyValueSpecification","valueRequired":true,"valueName":"search_term_string"}}],"inLanguage":"en-US"},{"@type":"Organization","@id":"https:\/\/lalligaonline.org\/#organization","name":"La Lliga Online","url":"https:\/\/lalligaonline.org\/","logo":{"@type":"ImageObject","inLanguage":"en-US","@id":"https:\/\/lalligaonline.org\/#\/schema\/logo\/image\/","url":"https:\/\/lalligaonline.org\/wp-content\/uploads\/cropped-la-lliga-dafectats-reumatologics-i-discapacitats.png","contentUrl":"https:\/\/lalligaonline.org\/wp-content\/uploads\/cropped-la-lliga-dafectats-reumatologics-i-discapacitats.png","width":500,"height":193,"caption":"La Lliga Online"},"image":{"@id":"https:\/\/lalligaonline.org\/#\/schema\/logo\/image\/"}}]}},"_links":{"self":[{"href":"https:\/\/lalligaonline.org\/en\/wp-json\/wp\/v2\/pages\/4107","targetHints":{"allow":["GET"]}}],"collection":[{"href":"https:\/\/lalligaonline.org\/en\/wp-json\/wp\/v2\/pages"}],"about":[{"href":"https:\/\/lalligaonline.org\/en\/wp-json\/wp\/v2\/types\/page"}],"author":[{"embeddable":true,"href":"https:\/\/lalligaonline.org\/en\/wp-json\/wp\/v2\/users\/1"}],"replies":[{"embeddable":true,"href":"https:\/\/lalligaonline.org\/en\/wp-json\/wp\/v2\/comments?post=4107"}],"version-history":[{"count":6,"href":"https:\/\/lalligaonline.org\/en\/wp-json\/wp\/v2\/pages\/4107\/revisions"}],"predecessor-version":[{"id":4124,"href":"https:\/\/lalligaonline.org\/en\/wp-json\/wp\/v2\/pages\/4107\/revisions\/4124"}],"wp:attachment":[{"href":"https:\/\/lalligaonline.org\/en\/wp-json\/wp\/v2\/media?parent=4107"}],"curies":[{"name":"wp","href":"https:\/\/api.w.org\/{rel}","templated":true}]}}