{"id":3742,"date":"2023-01-13T10:47:31","date_gmt":"2023-01-13T10:47:31","guid":{"rendered":"https:\/\/lalligaonline.org\/?page_id=3742"},"modified":"2025-06-12T10:21:45","modified_gmt":"2025-06-12T10:21:45","slug":"presentacion","status":"publish","type":"page","link":"https:\/\/lalligaonline.org\/es\/","title":{"rendered":"La Lliga"},"content":{"rendered":"\t\t<div data-elementor-type=\"wp-page\" data-elementor-id=\"3742\" class=\"elementor elementor-3742 elementor-96\" data-elementor-post-type=\"page\">\n\t\t\t\t<div class=\"elementor-element elementor-element-e4af239 e-flex e-con-boxed e-con e-parent\" data-id=\"e4af239\" data-element_type=\"container\" data-e-type=\"container\" data-settings=\"{&quot;background_background&quot;:&quot;gradient&quot;,&quot;jet_parallax_layout_list&quot;:[]}\">\n\t\t\t\t\t<div class=\"e-con-inner\">\n\t\t<div class=\"elementor-element elementor-element-bdb2b4f e-con-full e-flex e-con e-child\" data-id=\"bdb2b4f\" data-element_type=\"container\" data-e-type=\"container\" data-settings=\"{&quot;background_background&quot;:&quot;classic&quot;,&quot;jet_parallax_layout_list&quot;:[]}\">\n\t\t<div class=\"elementor-element elementor-element-f272873 e-con-full e-flex e-con e-child\" data-id=\"f272873\" data-element_type=\"container\" data-e-type=\"container\" data-settings=\"{&quot;jet_parallax_layout_list&quot;:[]}\">\n\t\t<div class=\"elementor-element elementor-element-33fd8ef e-con-full e-flex e-con e-child\" data-id=\"33fd8ef\" data-element_type=\"container\" data-e-type=\"container\" data-settings=\"{&quot;background_background&quot;:&quot;classic&quot;,&quot;jet_parallax_layout_list&quot;:[]}\">\n\t\t\t\t<div class=\"elementor-element elementor-element-1ff23db elementor-widget__width-auto elementor-invisible elementor-widget elementor-widget-heading\" data-id=\"1ff23db\" data-element_type=\"widget\" data-e-type=\"widget\" data-settings=\"{&quot;_animation&quot;:&quot;fadeInUp&quot;}\" data-widget_type=\"heading.default\">\n\t\t\t\t<div class=\"elementor-widget-container\">\n\t\t\t\t\t<h1 class=\"elementor-heading-title elementor-size-default\">LA LLIGA<\/h1>\t\t\t\t<\/div>\n\t\t\t\t<\/div>\n\t\t\t\t<div class=\"elementor-element elementor-element-eaeb3d8 elementor-invisible elementor-widget elementor-widget-text-editor\" data-id=\"eaeb3d8\" data-element_type=\"widget\" data-e-type=\"widget\" data-settings=\"{&quot;_animation&quot;:&quot;fadeInUp&quot;,&quot;_animation_delay&quot;:300}\" data-widget_type=\"text-editor.default\">\n\t\t\t\t<div class=\"elementor-widget-container\">\n\t\t\t\t\t\t\t\t\t<p style=\"text-align: justify;\"><strong><span style=\"color: #808080;\"><span style=\"color: #008000;\">La Liga de Afectados Reumatol\u00f3gicos y Personas con Discapacidad<\/span> <\/span><\/strong>(La Lliga d\u2019afectats reumatol\u00f2gics i discapacitats o \u201cLaLliga\u201d) es una asociaci\u00f3n sin \u00e1nimo de lucro, declarada de UTILIDAD P\u00daBLICA en 2014 y registrada como ENTIDAD SANITARIA. Su principal objetivo es colaborar en la <span style=\"color: #008000;\"><strong>mejora de la calidad de vida<\/strong><\/span> de las personas con <strong><span style=\"color: #008000;\">discapacidad f\u00edsica y\/o org\u00e1nica<\/span><\/strong> de cualquier origen y de sus familias, as\u00ed como de las personas con discapacidad en general, buscando <span style=\"font-size: inherit;\">el logro del <\/span><strong style=\"font-size: inherit;\"><span style=\"color: #008000;\">m\u00e1ximo nivel posible de autonom\u00eda personal, familiar, laboral, social y cultural.<\/span><\/strong><\/p><p style=\"text-align: justify;\">Con todo esto en mente, <strong><span style=\"color: #008000;\">LA LLIGA<\/span><\/strong> desarrolla <span style=\"color: #008000;\"><strong>programas dirigidos<\/strong><\/span> a los diversos actores clave: la sociedad, los profesionales del \u00e1mbito sanitario y social, la comunidad educativa, los responsables de las pol\u00edticas sanitarias y sociales, los agentes sociales (empresariado, sindicatos), el \u00e1mbito cultural y el ocio inclusivo\u2026<\/p>\t\t\t\t\t\t\t\t<\/div>\n\t\t\t\t<\/div>\n\t\t\t\t<\/div>\n\t\t<div class=\"elementor-element elementor-element-b505b08 e-con-full e-flex e-con e-child\" data-id=\"b505b08\" data-element_type=\"container\" data-e-type=\"container\" data-settings=\"{&quot;jet_parallax_layout_list&quot;:[]}\">\n\t\t\t\t<div class=\"elementor-element elementor-element-a73cb3f elementor-widget__width-auto elementor-widget-mobile__width-inherit elementor-invisible elementor-widget elementor-widget-image\" data-id=\"a73cb3f\" data-element_type=\"widget\" data-e-type=\"widget\" data-settings=\"{&quot;_animation&quot;:&quot;zoomIn&quot;,&quot;_animation_delay&quot;:600}\" data-widget_type=\"image.default\">\n\t\t\t\t<div class=\"elementor-widget-container\">\n\t\t\t\t\t\t\t\t\t\t\t\t\t\t\t<img fetchpriority=\"high\" decoding=\"async\" width=\"2048\" height=\"1152\" src=\"https:\/\/lalligaonline.org\/wp-content\/uploads\/lalliga-home.jpeg\" class=\"attachment-full size-full wp-image-4170\" alt=\"\" srcset=\"https:\/\/lalligaonline.org\/wp-content\/uploads\/lalliga-home.jpeg 2048w, https:\/\/lalligaonline.org\/wp-content\/uploads\/lalliga-home-600x338.jpeg 600w, https:\/\/lalligaonline.org\/wp-content\/uploads\/lalliga-home-1420x799.jpeg 1420w, https:\/\/lalligaonline.org\/wp-content\/uploads\/lalliga-home-768x432.jpeg 768w, https:\/\/lalligaonline.org\/wp-content\/uploads\/lalliga-home-1536x864.jpeg 1536w\" sizes=\"(max-width: 2048px) 100vw, 2048px\" \/>\t\t\t\t\t\t\t\t\t\t\t\t\t\t\t<\/div>\n\t\t\t\t<\/div>\n\t\t\t\t<\/div>\n\t\t\t\t<\/div>\n\t\t<div class=\"elementor-element elementor-element-62a06ba e-con-full e-flex elementor-invisible e-con e-child\" data-id=\"62a06ba\" data-element_type=\"container\" data-e-type=\"container\" data-settings=\"{&quot;animation&quot;:&quot;fadeInUp&quot;,&quot;animation_delay&quot;:700,&quot;jet_parallax_layout_list&quot;:[]}\">\n\t\t\t\t<div class=\"elementor-element elementor-element-5d35d91 elementor-widget elementor-widget-text-editor\" data-id=\"5d35d91\" data-element_type=\"widget\" data-e-type=\"widget\" data-widget_type=\"text-editor.default\">\n\t\t\t\t<div class=\"elementor-widget-container\">\n\t\t\t\t\t\t\t\t\t<p>Trabaja para lograr una plena\u00a0<strong><span style=\"color: #008000;\">ACCESIBILIDAD UNIVERSAL<\/span><\/strong>, sin barreras urbanas, arquitect\u00f3nicas ni sociales, tanto en espacios p\u00fablicos como en espacios privados de uso p\u00fablico. Adem\u00e1s, vela por el respeto a los espacios reservados, fomenta y colabora en la creaci\u00f3n de nuevos espacios accesibles y participa en el an\u00e1lisis de la accesibilidad y en la elaboraci\u00f3n de gu\u00edas de accesibilidad, tanto sectoriales como por \u00e1mbitos geogr\u00e1ficos.<\/p>\t\t\t\t\t\t\t\t<\/div>\n\t\t\t\t<\/div>\n\t\t\t\t<\/div>\n\t\t<div class=\"elementor-element elementor-element-051b162 e-con-full e-flex e-con e-child\" data-id=\"051b162\" data-element_type=\"container\" data-e-type=\"container\" data-settings=\"{&quot;jet_parallax_layout_list&quot;:[]}\">\n\t\t<div class=\"elementor-element elementor-element-b81864e e-con-full e-flex elementor-invisible e-con e-child\" data-id=\"b81864e\" data-element_type=\"container\" data-e-type=\"container\" data-settings=\"{&quot;animation&quot;:&quot;zoomIn&quot;,&quot;animation_delay&quot;:1900,&quot;jet_parallax_layout_list&quot;:[]}\">\n\t\t\t\t<div class=\"elementor-element elementor-element-09f5eef elementor-widget elementor-widget-image\" data-id=\"09f5eef\" data-element_type=\"widget\" data-e-type=\"widget\" data-settings=\"{&quot;_animation&quot;:&quot;none&quot;}\" data-widget_type=\"image.default\">\n\t\t\t\t<div class=\"elementor-widget-container\">\n\t\t\t\t\t\t\t\t\t\t\t\t\t\t\t<img decoding=\"async\" width=\"2048\" height=\"1152\" src=\"https:\/\/lalligaonline.org\/wp-content\/uploads\/lalliga-home2.jpeg\" class=\"attachment-full size-full wp-image-4173\" alt=\"\" srcset=\"https:\/\/lalligaonline.org\/wp-content\/uploads\/lalliga-home2.jpeg 2048w, https:\/\/lalligaonline.org\/wp-content\/uploads\/lalliga-home2-600x338.jpeg 600w, https:\/\/lalligaonline.org\/wp-content\/uploads\/lalliga-home2-1420x799.jpeg 1420w, https:\/\/lalligaonline.org\/wp-content\/uploads\/lalliga-home2-768x432.jpeg 768w, https:\/\/lalligaonline.org\/wp-content\/uploads\/lalliga-home2-1536x864.jpeg 1536w\" sizes=\"(max-width: 2048px) 100vw, 2048px\" \/>\t\t\t\t\t\t\t\t\t\t\t\t\t\t\t<\/div>\n\t\t\t\t<\/div>\n\t\t\t\t<div class=\"elementor-element elementor-element-7ca004e elementor-widget elementor-widget-text-editor\" data-id=\"7ca004e\" data-element_type=\"widget\" data-e-type=\"widget\" data-settings=\"{&quot;_animation&quot;:&quot;none&quot;,&quot;_animation_delay&quot;:1000}\" data-widget_type=\"text-editor.default\">\n\t\t\t\t<div class=\"elementor-widget-container\">\n\t\t\t\t\t\t\t\t\t<p><span style=\"color: #008000;\"><strong>La Lliga fue declarada de Utilidad P\u00fablica el 20 de noviembre de 2014.<\/strong><\/span><\/p>\t\t\t\t\t\t\t\t<\/div>\n\t\t\t\t<\/div>\n\t\t\t\t<\/div>\n\t\t<div class=\"elementor-element elementor-element-8ea98df e-con-full e-grid e-con e-child\" data-id=\"8ea98df\" data-element_type=\"container\" data-e-type=\"container\" data-settings=\"{&quot;jet_parallax_layout_list&quot;:[]}\">\n\t\t\t\t<div class=\"elementor-element elementor-element-319fa60 animated-fast elementor-view-default elementor-position-block-start elementor-mobile-position-block-start elementor-invisible elementor-widget elementor-widget-icon-box\" data-id=\"319fa60\" data-element_type=\"widget\" data-e-type=\"widget\" data-settings=\"{&quot;_animation&quot;:&quot;fadeInRight&quot;,&quot;_animation_delay&quot;:1000}\" data-widget_type=\"icon-box.default\">\n\t\t\t\t<div class=\"elementor-widget-container\">\n\t\t\t\t\t\t\t<div class=\"elementor-icon-box-wrapper\">\n\n\t\t\t\t\t\t<div class=\"elementor-icon-box-icon\">\n\t\t\t\t<span  class=\"elementor-icon\">\n\t\t\t\t<i aria-hidden=\"true\" class=\"icon icon-information\"><\/i>\t\t\t\t<\/span>\n\t\t\t<\/div>\n\t\t\t\n\t\t\t\t\t\t<div class=\"elementor-icon-box-content\">\n\n\t\t\t\t\t\t\t\t\t<h3 class=\"elementor-icon-box-title\">\n\t\t\t\t\t\t<span  >\n\t\t\t\t\t\t\tInformaci\u00f3n y Sensibilizaci\u00f3n\t\t\t\t\t\t<\/span>\n\t\t\t\t\t<\/h3>\n\t\t\t\t\n\t\t\t\t\t\t\t\t\t<p class=\"elementor-icon-box-description\">\n\t\t\t\t\t\tRealizaci\u00f3n de campa\u00f1as educativas poblacionales que buscan sensibilizar a la ciudadan\u00eda.\t\t\t\t\t<\/p>\n\t\t\t\t\n\t\t\t<\/div>\n\t\t\t\n\t\t<\/div>\n\t\t\t\t\t\t<\/div>\n\t\t\t\t<\/div>\n\t\t\t\t<div class=\"elementor-element elementor-element-9d3ebe5 animated-fast elementor-view-default elementor-position-block-start elementor-mobile-position-block-start elementor-invisible elementor-widget elementor-widget-icon-box\" data-id=\"9d3ebe5\" data-element_type=\"widget\" data-e-type=\"widget\" data-settings=\"{&quot;_animation&quot;:&quot;fadeInRight&quot;,&quot;_animation_delay&quot;:1200}\" data-widget_type=\"icon-box.default\">\n\t\t\t\t<div class=\"elementor-widget-container\">\n\t\t\t\t\t\t\t<div class=\"elementor-icon-box-wrapper\">\n\n\t\t\t\t\t\t<div class=\"elementor-icon-box-icon\">\n\t\t\t\t<span  class=\"elementor-icon\">\n\t\t\t\t<i aria-hidden=\"true\" class=\"icon icon-magnifying-glass-search\"><\/i>\t\t\t\t<\/span>\n\t\t\t<\/div>\n\t\t\t\n\t\t\t\t\t\t<div class=\"elementor-icon-box-content\">\n\n\t\t\t\t\t\t\t\t\t<h3 class=\"elementor-icon-box-title\">\n\t\t\t\t\t\t<span  >\n\t\t\t\t\t\t\tInvestigaci\u00f3n\t\t\t\t\t\t<\/span>\n\t\t\t\t\t<\/h3>\n\t\t\t\t\n\t\t\t\t\t\t\t\t\t<p class=\"elementor-icon-box-description\">\n\t\t\t\t\t\tParticipar en investigaciones sobre las condiciones que provocan discapacidad f\u00edsica y\/o org\u00e1nica, as\u00ed como en estudios que detectan situaciones de discriminaci\u00f3n, carencias y deficiencias...\t\t\t\t\t<\/p>\n\t\t\t\t\n\t\t\t<\/div>\n\t\t\t\n\t\t<\/div>\n\t\t\t\t\t\t<\/div>\n\t\t\t\t<\/div>\n\t\t\t\t<div class=\"elementor-element elementor-element-2418ced animated-fast elementor-view-default elementor-position-block-start elementor-mobile-position-block-start elementor-invisible elementor-widget elementor-widget-icon-box\" data-id=\"2418ced\" data-element_type=\"widget\" data-e-type=\"widget\" data-settings=\"{&quot;_animation&quot;:&quot;fadeInRight&quot;,&quot;_animation_delay&quot;:1400}\" data-widget_type=\"icon-box.default\">\n\t\t\t\t<div class=\"elementor-widget-container\">\n\t\t\t\t\t\t\t<div class=\"elementor-icon-box-wrapper\">\n\n\t\t\t\t\t\t<div class=\"elementor-icon-box-icon\">\n\t\t\t\t<span  class=\"elementor-icon\">\n\t\t\t\t<i aria-hidden=\"true\" class=\"fas fa-basketball-ball\"><\/i>\t\t\t\t<\/span>\n\t\t\t<\/div>\n\t\t\t\n\t\t\t\t\t\t<div class=\"elementor-icon-box-content\">\n\n\t\t\t\t\t\t\t\t\t<h3 class=\"elementor-icon-box-title\">\n\t\t\t\t\t\t<span  >\n\t\t\t\t\t\t\tCultura, Ocio y Deporte inclusivos\t\t\t\t\t\t<\/span>\n\t\t\t\t\t<\/h3>\n\t\t\t\t\n\t\t\t\t\t\t\t\t\t<p class=\"elementor-icon-box-description\">\n\t\t\t\t\t\tDesarrollar programas destinados a lograr la plena inclusi\u00f3n y el acceso a la cultura en general, y al deporte en particular.\t\t\t\t\t<\/p>\n\t\t\t\t\n\t\t\t<\/div>\n\t\t\t\n\t\t<\/div>\n\t\t\t\t\t\t<\/div>\n\t\t\t\t<\/div>\n\t\t\t\t<div class=\"elementor-element elementor-element-50bbe89 animated-fast elementor-view-default elementor-position-block-start elementor-mobile-position-block-start elementor-invisible elementor-widget elementor-widget-icon-box\" data-id=\"50bbe89\" data-element_type=\"widget\" data-e-type=\"widget\" data-settings=\"{&quot;_animation&quot;:&quot;fadeInRight&quot;,&quot;_animation_delay&quot;:1600}\" data-widget_type=\"icon-box.default\">\n\t\t\t\t<div class=\"elementor-widget-container\">\n\t\t\t\t\t\t\t<div class=\"elementor-icon-box-wrapper\">\n\n\t\t\t\t\t\t<div class=\"elementor-icon-box-icon\">\n\t\t\t\t<span  class=\"elementor-icon\">\n\t\t\t\t<i aria-hidden=\"true\" class=\"icon icon-wheelchair\"><\/i>\t\t\t\t<\/span>\n\t\t\t<\/div>\n\t\t\t\n\t\t\t\t\t\t<div class=\"elementor-icon-box-content\">\n\n\t\t\t\t\t\t\t\t\t<h3 class=\"elementor-icon-box-title\">\n\t\t\t\t\t\t<span  >\n\t\t\t\t\t\t\tInserci\u00f3n Laboral\t\t\t\t\t\t<\/span>\n\t\t\t\t\t<\/h3>\n\t\t\t\t\n\t\t\t\t\t\t\t\t\t<p class=\"elementor-icon-box-description\">\n\t\t\t\t\t\tColaborar activamente con otras entidades para fomentar la inserci\u00f3n laboral de personas con discapacidad.\t\t\t\t\t<\/p>\n\t\t\t\t\n\t\t\t<\/div>\n\t\t\t\n\t\t<\/div>\n\t\t\t\t\t\t<\/div>\n\t\t\t\t<\/div>\n\t\t\t\t<\/div>\n\t\t\t\t<\/div>\n\t\t<div class=\"elementor-element elementor-element-87bf505 e-con-full e-flex e-con e-child\" data-id=\"87bf505\" data-element_type=\"container\" data-e-type=\"container\" data-settings=\"{&quot;background_background&quot;:&quot;classic&quot;,&quot;animation&quot;:&quot;none&quot;,&quot;jet_parallax_layout_list&quot;:[]}\">\n\t\t<div class=\"elementor-element elementor-element-6269ae0 e-flex e-con-boxed e-con e-child\" data-id=\"6269ae0\" data-element_type=\"container\" data-e-type=\"container\" data-settings=\"{&quot;jet_parallax_layout_list&quot;:[]}\">\n\t\t\t\t\t<div class=\"e-con-inner\">\n\t\t\t\t<div class=\"elementor-element elementor-element-783c255 elementor-widget__width-auto elementor-widget elementor-widget-text-editor\" data-id=\"783c255\" data-element_type=\"widget\" data-e-type=\"widget\" data-widget_type=\"text-editor.default\">\n\t\t\t\t<div class=\"elementor-widget-container\">\n\t\t\t\t\t\t\t\t\t<p><span style=\"color: #ffffff;\">Siempre con la mirada puesta en el camino<\/span><\/p><p><span style=\"color: #ffffff;\">hacia la INCLUSI\u00d3N PLENA de las personas<\/span><\/p><p><span style=\"color: #ffffff;\">con discapacidad en la vida social y comunitaria.<\/span><\/p>\t\t\t\t\t\t\t\t<\/div>\n\t\t\t\t<\/div>\n\t\t\t\t\t<\/div>\n\t\t\t\t<\/div>\n\t\t\t\t<\/div>\n\t\t\t\t<\/div>\n\t\t<div class=\"elementor-element elementor-element-63c59eb e-con-full e-flex e-con e-child\" data-id=\"63c59eb\" data-element_type=\"container\" data-e-type=\"container\" data-settings=\"{&quot;jet_parallax_layout_list&quot;:[]}\">\n\t\t\t\t<div class=\"elementor-element elementor-element-9f471a7 elementor-widget elementor-widget-spacer\" data-id=\"9f471a7\" data-element_type=\"widget\" data-e-type=\"widget\" data-widget_type=\"spacer.default\">\n\t\t\t\t<div class=\"elementor-widget-container\">\n\t\t\t\t\t\t\t<div class=\"elementor-spacer\">\n\t\t\t<div class=\"elementor-spacer-inner\"><\/div>\n\t\t<\/div>\n\t\t\t\t\t\t<\/div>\n\t\t\t\t<\/div>\n\t\t\t\t<\/div>\n\t\t\t\t\t<\/div>\n\t\t\t\t<\/div>\n\t\t\t\t<\/div>\n\t\t","protected":false},"excerpt":{"rendered":"<p>LA LLIGA La Liga de Afectados Reumatol\u00f3gicos y Personas con Discapacidad (La Lliga d\u2019afectats reumatol\u00f2gics i discapacitats o \u201cLaLliga\u201d) es una asociaci\u00f3n sin \u00e1nimo de lucro, declarada de UTILIDAD P\u00daBLICA en 2014 y registrada como ENTIDAD SANITARIA. Su principal objetivo es colaborar en la mejora de la calidad de vida de las personas con discapacidad [&hellip;]<\/p>\n","protected":false},"author":1,"featured_media":0,"parent":0,"menu_order":0,"comment_status":"closed","ping_status":"open","template":"elementor_header_footer","meta":{"footnotes":""},"class_list":["post-3742","page","type-page","status-publish","hentry"],"yoast_head":"<!-- This site is optimized with the Yoast SEO plugin v27.2 - https:\/\/yoast.com\/product\/yoast-seo-wordpress\/ -->\n<title>La Lliga - La Lliga Online<\/title>\n<meta name=\"robots\" content=\"index, follow, max-snippet:-1, max-image-preview:large, max-video-preview:-1\" \/>\n<link rel=\"canonical\" href=\"https:\/\/lalligaonline.org\/es\/\" \/>\n<meta property=\"og:locale\" content=\"es_ES\" \/>\n<meta property=\"og:type\" content=\"article\" \/>\n<meta property=\"og:title\" content=\"La Lliga - La Lliga Online\" \/>\n<meta property=\"og:description\" content=\"LA LLIGA La Liga de Afectados Reumatol\u00f3gicos y Personas con Discapacidad (La Lliga d\u2019afectats reumatol\u00f2gics i discapacitats o \u201cLaLliga\u201d) es una asociaci\u00f3n sin \u00e1nimo de lucro, declarada de UTILIDAD P\u00daBLICA en 2014 y registrada como ENTIDAD SANITARIA. Su principal objetivo es colaborar en la mejora de la calidad de vida de las personas con discapacidad [&hellip;]\" \/>\n<meta property=\"og:url\" content=\"https:\/\/lalligaonline.org\/es\/\" \/>\n<meta property=\"og:site_name\" content=\"La Lliga Online\" \/>\n<meta property=\"article:modified_time\" content=\"2025-06-12T10:21:45+00:00\" \/>\n<meta property=\"og:image\" content=\"https:\/\/lalligaonline.org\/wp-content\/uploads\/lalliga-home.jpeg\" \/>\n<meta name=\"twitter:card\" content=\"summary_large_image\" \/>\n<meta name=\"twitter:label1\" content=\"Tiempo de lectura\" \/>\n\t<meta name=\"twitter:data1\" content=\"2 minutos\" \/>\n<script type=\"application\/ld+json\" class=\"yoast-schema-graph\">{\"@context\":\"https:\/\/schema.org\",\"@graph\":[{\"@type\":\"WebPage\",\"@id\":\"https:\/\/lalligaonline.org\/es\/\",\"url\":\"https:\/\/lalligaonline.org\/es\/\",\"name\":\"La Lliga - La Lliga Online\",\"isPartOf\":{\"@id\":\"https:\/\/lalligaonline.org\/#website\"},\"primaryImageOfPage\":{\"@id\":\"https:\/\/lalligaonline.org\/es\/#primaryimage\"},\"image\":{\"@id\":\"https:\/\/lalligaonline.org\/es\/#primaryimage\"},\"thumbnailUrl\":\"https:\/\/lalligaonline.org\/wp-content\/uploads\/lalliga-home.jpeg\",\"datePublished\":\"2023-01-13T10:47:31+00:00\",\"dateModified\":\"2025-06-12T10:21:45+00:00\",\"breadcrumb\":{\"@id\":\"https:\/\/lalligaonline.org\/es\/#breadcrumb\"},\"inLanguage\":\"es\",\"potentialAction\":[{\"@type\":\"ReadAction\",\"target\":[\"https:\/\/lalligaonline.org\/es\/\"]}]},{\"@type\":\"ImageObject\",\"inLanguage\":\"es\",\"@id\":\"https:\/\/lalligaonline.org\/es\/#primaryimage\",\"url\":\"https:\/\/lalligaonline.org\/wp-content\/uploads\/lalliga-home.jpeg\",\"contentUrl\":\"https:\/\/lalligaonline.org\/wp-content\/uploads\/lalliga-home.jpeg\"},{\"@type\":\"BreadcrumbList\",\"@id\":\"https:\/\/lalligaonline.org\/es\/#breadcrumb\",\"itemListElement\":[{\"@type\":\"ListItem\",\"position\":1,\"name\":\"Portada\",\"item\":\"https:\/\/lalligaonline.org\/es\/\"},{\"@type\":\"ListItem\",\"position\":2,\"name\":\"La Lliga\"}]},{\"@type\":\"WebSite\",\"@id\":\"https:\/\/lalligaonline.org\/#website\",\"url\":\"https:\/\/lalligaonline.org\/\",\"name\":\"La Lliga Online\",\"description\":\"La Lliga d&#039;Afectats Reumatol\u00f2gics i Discapacitats\",\"potentialAction\":[{\"@type\":\"SearchAction\",\"target\":{\"@type\":\"EntryPoint\",\"urlTemplate\":\"https:\/\/lalligaonline.org\/?s={search_term_string}\"},\"query-input\":{\"@type\":\"PropertyValueSpecification\",\"valueRequired\":true,\"valueName\":\"search_term_string\"}}],\"inLanguage\":\"es\"}]}<\/script>\n<!-- \/ Yoast SEO plugin. -->","yoast_head_json":{"title":"La Lliga - La Lliga Online","robots":{"index":"index","follow":"follow","max-snippet":"max-snippet:-1","max-image-preview":"max-image-preview:large","max-video-preview":"max-video-preview:-1"},"canonical":"https:\/\/lalligaonline.org\/es\/","og_locale":"es_ES","og_type":"article","og_title":"La Lliga - La Lliga Online","og_description":"LA LLIGA La Liga de Afectados Reumatol\u00f3gicos y Personas con Discapacidad (La Lliga d\u2019afectats reumatol\u00f2gics i discapacitats o \u201cLaLliga\u201d) es una asociaci\u00f3n sin \u00e1nimo de lucro, declarada de UTILIDAD P\u00daBLICA en 2014 y registrada como ENTIDAD SANITARIA. Su principal objetivo es colaborar en la mejora de la calidad de vida de las personas con discapacidad [&hellip;]","og_url":"https:\/\/lalligaonline.org\/es\/","og_site_name":"La Lliga Online","article_modified_time":"2025-06-12T10:21:45+00:00","og_image":[{"url":"https:\/\/lalligaonline.org\/wp-content\/uploads\/lalliga-home.jpeg","type":"","width":"","height":""}],"twitter_card":"summary_large_image","twitter_misc":{"Tiempo de lectura":"2 minutos"},"schema":{"@context":"https:\/\/schema.org","@graph":[{"@type":"WebPage","@id":"https:\/\/lalligaonline.org\/es\/","url":"https:\/\/lalligaonline.org\/es\/","name":"La Lliga - La Lliga Online","isPartOf":{"@id":"https:\/\/lalligaonline.org\/#website"},"primaryImageOfPage":{"@id":"https:\/\/lalligaonline.org\/es\/#primaryimage"},"image":{"@id":"https:\/\/lalligaonline.org\/es\/#primaryimage"},"thumbnailUrl":"https:\/\/lalligaonline.org\/wp-content\/uploads\/lalliga-home.jpeg","datePublished":"2023-01-13T10:47:31+00:00","dateModified":"2025-06-12T10:21:45+00:00","breadcrumb":{"@id":"https:\/\/lalligaonline.org\/es\/#breadcrumb"},"inLanguage":"es","potentialAction":[{"@type":"ReadAction","target":["https:\/\/lalligaonline.org\/es\/"]}]},{"@type":"ImageObject","inLanguage":"es","@id":"https:\/\/lalligaonline.org\/es\/#primaryimage","url":"https:\/\/lalligaonline.org\/wp-content\/uploads\/lalliga-home.jpeg","contentUrl":"https:\/\/lalligaonline.org\/wp-content\/uploads\/lalliga-home.jpeg"},{"@type":"BreadcrumbList","@id":"https:\/\/lalligaonline.org\/es\/#breadcrumb","itemListElement":[{"@type":"ListItem","position":1,"name":"Portada","item":"https:\/\/lalligaonline.org\/es\/"},{"@type":"ListItem","position":2,"name":"La Lliga"}]},{"@type":"WebSite","@id":"https:\/\/lalligaonline.org\/#website","url":"https:\/\/lalligaonline.org\/","name":"La Lliga Online","description":"La Lliga d&#039;Afectats Reumatol\u00f2gics i Discapacitats","potentialAction":[{"@type":"SearchAction","target":{"@type":"EntryPoint","urlTemplate":"https:\/\/lalligaonline.org\/?s={search_term_string}"},"query-input":{"@type":"PropertyValueSpecification","valueRequired":true,"valueName":"search_term_string"}}],"inLanguage":"es"}]}},"_links":{"self":[{"href":"https:\/\/lalligaonline.org\/es\/wp-json\/wp\/v2\/pages\/3742","targetHints":{"allow":["GET"]}}],"collection":[{"href":"https:\/\/lalligaonline.org\/es\/wp-json\/wp\/v2\/pages"}],"about":[{"href":"https:\/\/lalligaonline.org\/es\/wp-json\/wp\/v2\/types\/page"}],"author":[{"embeddable":true,"href":"https:\/\/lalligaonline.org\/es\/wp-json\/wp\/v2\/users\/1"}],"replies":[{"embeddable":true,"href":"https:\/\/lalligaonline.org\/es\/wp-json\/wp\/v2\/comments?post=3742"}],"version-history":[{"count":11,"href":"https:\/\/lalligaonline.org\/es\/wp-json\/wp\/v2\/pages\/3742\/revisions"}],"predecessor-version":[{"id":4182,"href":"https:\/\/lalligaonline.org\/es\/wp-json\/wp\/v2\/pages\/3742\/revisions\/4182"}],"wp:attachment":[{"href":"https:\/\/lalligaonline.org\/es\/wp-json\/wp\/v2\/media?parent=3742"}],"curies":[{"name":"wp","href":"https:\/\/api.w.org\/{rel}","templated":true}]}}