{"id":3789,"date":"2024-12-19T15:40:03","date_gmt":"2024-12-19T15:40:03","guid":{"rendered":"https:\/\/lalligaonline.org\/?page_id=3789"},"modified":"2025-04-30T13:21:40","modified_gmt":"2025-04-30T13:21:40","slug":"objetivos","status":"publish","type":"page","link":"https:\/\/lalligaonline.org\/es\/objetivos\/","title":{"rendered":"Objetivos"},"content":{"rendered":"\t\t<div data-elementor-type=\"wp-page\" data-elementor-id=\"3789\" class=\"elementor elementor-3789 elementor-3098\" data-elementor-post-type=\"page\">\n\t\t\t\t<div class=\"elementor-element elementor-element-421af1d e-flex e-con-boxed e-con e-parent\" data-id=\"421af1d\" data-element_type=\"container\" data-e-type=\"container\" data-settings=\"{&quot;background_background&quot;:&quot;gradient&quot;,&quot;jet_parallax_layout_list&quot;:[]}\">\n\t\t\t\t\t<div class=\"e-con-inner\">\n\t\t<div class=\"elementor-element elementor-element-99b3eb5 e-con-full elementor-hidden-tablet elementor-hidden-mobile e-flex e-con e-child\" data-id=\"99b3eb5\" data-element_type=\"container\" data-e-type=\"container\" data-settings=\"{&quot;jet_parallax_layout_list&quot;:[]}\">\n\t\t\t\t<div class=\"elementor-element elementor-element-3258fe7 elementor-widget elementor-widget-spacer\" data-id=\"3258fe7\" data-element_type=\"widget\" data-e-type=\"widget\" data-widget_type=\"spacer.default\">\n\t\t\t\t<div class=\"elementor-widget-container\">\n\t\t\t\t\t\t\t<div class=\"elementor-spacer\">\n\t\t\t<div class=\"elementor-spacer-inner\"><\/div>\n\t\t<\/div>\n\t\t\t\t\t\t<\/div>\n\t\t\t\t<\/div>\n\t\t\t\t<\/div>\n\t\t<div class=\"elementor-element elementor-element-13432f6 e-con-full e-flex e-con e-child\" data-id=\"13432f6\" data-element_type=\"container\" data-e-type=\"container\" data-settings=\"{&quot;background_background&quot;:&quot;classic&quot;,&quot;jet_parallax_layout_list&quot;:[]}\">\n\t\t<div class=\"elementor-element elementor-element-be00e65 e-con-full e-flex e-con e-child\" data-id=\"be00e65\" data-element_type=\"container\" data-e-type=\"container\" data-settings=\"{&quot;jet_parallax_layout_list&quot;:[]}\">\n\t\t<div class=\"elementor-element elementor-element-71227e1 e-con-full e-flex e-con e-child\" data-id=\"71227e1\" data-element_type=\"container\" data-e-type=\"container\" data-settings=\"{&quot;jet_parallax_layout_list&quot;:[]}\">\n\t\t\t\t<div class=\"elementor-element elementor-element-37bae1c elementor-widget elementor-widget-heading\" data-id=\"37bae1c\" data-element_type=\"widget\" data-e-type=\"widget\" data-widget_type=\"heading.default\">\n\t\t\t\t<div class=\"elementor-widget-container\">\n\t\t\t\t\t<h2 class=\"elementor-heading-title elementor-size-default\">OBJETIVOS GENERALES<\/h2>\t\t\t\t<\/div>\n\t\t\t\t<\/div>\n\t\t\t\t<div class=\"elementor-element elementor-element-41c634b elementor-widget elementor-widget-text-editor\" data-id=\"41c634b\" data-element_type=\"widget\" data-e-type=\"widget\" data-widget_type=\"text-editor.default\">\n\t\t\t\t<div class=\"elementor-widget-container\">\n\t\t\t\t\t\t\t\t\t<h5 style=\"text-align: justify;\"><span style=\"color: var( --e-global-color-text ); font-family: var( --e-global-typography-text-font-family ), Sans-serif; font-size: var( --e-global-typography-text-font-size ); font-weight: var( --e-global-typography-text-font-weight ); text-transform: var( --e-global-typography-text-text-transform ); text-align: var(--text-align); background-color: var( --e-global-color-accent );\">El <strong><span style=\"color: #008000;\">principal objetivo<\/span><\/strong> de La Lliga es la <span style=\"color: #008000;\"><strong>mejora<\/strong> <\/span>de la calidad de vida y la <strong><span style=\"color: #008000;\">NORMALIZACI\u00d3N<\/span> <\/strong>de las personas afectadas por cualquier tipo de enfermedad reum\u00e1tica cr\u00f3nica y\/o discapacidad f\u00edsica u org\u00e1nica, como por ejemplo<\/span><span style=\"color: var( --e-global-color-text ); font-family: var( --e-global-typography-text-font-family ), Sans-serif; font-size: var( --e-global-typography-text-font-size ); font-weight: var( --e-global-typography-text-font-weight ); text-transform: var( --e-global-typography-text-text-transform ); text-align: var(--text-align); background-color: var( --e-global-color-accent );\">:<\/span><\/h5><ul><li aria-level=\"1\">Discapacidad <strong><span style=\"color: #008000;\">f\u00edsica y\/o org\u00e1nica<\/span><\/strong> de cualquier origen y tipolog\u00eda.<\/li><\/ul><ul><li aria-level=\"1\"><span style=\"color: #333333;\">Personas con <strong><span style=\"color: #008000;\">movilidad reducida<\/span><\/strong>.<\/span><\/li><\/ul><ul><li aria-level=\"1\">Personas con <span style=\"color: #008000;\"><strong>enfermedades cr\u00f3nicas<\/strong><\/span> que derivan en discapacidad.<\/li><\/ul>\t\t\t\t\t\t\t\t<\/div>\n\t\t\t\t<\/div>\n\t\t\t\t<\/div>\n\t\t\t\t<div class=\"elementor-element elementor-element-7900ed4 elementor-widget-mobile__width-inherit elementor-widget elementor-widget-image\" data-id=\"7900ed4\" data-element_type=\"widget\" data-e-type=\"widget\" data-widget_type=\"image.default\">\n\t\t\t\t<div class=\"elementor-widget-container\">\n\t\t\t\t\t\t\t\t\t\t\t\t\t\t\t<img fetchpriority=\"high\" decoding=\"async\" width=\"472\" height=\"445\" src=\"https:\/\/lalligaonline.org\/wp-content\/uploads\/Imatge-objectius-1B-2.jpg\" class=\"attachment-large size-large wp-image-529\" alt=\"\" \/>\t\t\t\t\t\t\t\t\t\t\t\t\t\t\t<\/div>\n\t\t\t\t<\/div>\n\t\t\t\t<\/div>\n\t\t<div class=\"elementor-element elementor-element-09bc542 e-con-full e-flex e-con e-child\" data-id=\"09bc542\" data-element_type=\"container\" data-e-type=\"container\" data-settings=\"{&quot;jet_parallax_layout_list&quot;:[]}\">\n\t\t\t\t<div class=\"elementor-element elementor-element-d407150 elementor-widget elementor-widget-heading\" data-id=\"d407150\" data-element_type=\"widget\" data-e-type=\"widget\" data-widget_type=\"heading.default\">\n\t\t\t\t<div class=\"elementor-widget-container\">\n\t\t\t\t\t<h2 class=\"elementor-heading-title elementor-size-default\">OBJETIVOS ESPEC\u00cdFICOS<\/h2>\t\t\t\t<\/div>\n\t\t\t\t<\/div>\n\t\t<div class=\"elementor-element elementor-element-440691b e-con-full e-flex e-con e-child\" data-id=\"440691b\" data-element_type=\"container\" data-e-type=\"container\" data-settings=\"{&quot;jet_parallax_layout_list&quot;:[]}\">\n\t\t<div class=\"elementor-element elementor-element-fd4d7d1 e-con-full e-flex e-con e-child\" data-id=\"fd4d7d1\" data-element_type=\"container\" data-e-type=\"container\" data-settings=\"{&quot;jet_parallax_layout_list&quot;:[]}\">\n\t\t\t\t<div class=\"elementor-element elementor-element-e0ca37f elementor-widget elementor-widget-image\" data-id=\"e0ca37f\" data-element_type=\"widget\" data-e-type=\"widget\" data-widget_type=\"image.default\">\n\t\t\t\t<div class=\"elementor-widget-container\">\n\t\t\t\t\t\t\t\t\t\t\t\t\t\t\t<img decoding=\"async\" width=\"361\" height=\"272\" src=\"https:\/\/lalligaonline.org\/wp-content\/uploads\/Invictes-folleto-Carrousel-8-removebg-preview.png\" class=\"attachment-large size-large wp-image-3785\" alt=\"\" \/>\t\t\t\t\t\t\t\t\t\t\t\t\t\t\t<\/div>\n\t\t\t\t<\/div>\n\t\t\t\t<\/div>\n\t\t\t\t<div class=\"elementor-element elementor-element-65bddba elementor-widget elementor-widget-text-editor\" data-id=\"65bddba\" data-element_type=\"widget\" data-e-type=\"widget\" data-widget_type=\"text-editor.default\">\n\t\t\t\t<div class=\"elementor-widget-container\">\n\t\t\t\t\t\t\t\t\t<ul><li aria-level=\"1\"><span style=\"font-weight: 400;\">La <strong><span style=\"color: #008000;\">eliminaci\u00f3n barreras<\/span><\/strong> sociales y arquitect\u00f3nicas.<\/span><\/li><\/ul><ul><li aria-level=\"1\"><span style=\"font-weight: 400;\">La <span style=\"color: #008000;\"><strong>sensibilizaci\u00f3n y educaci\u00f3n<\/strong><\/span> de la sociedad.<\/span><\/li><\/ul><ul><li><span style=\"font-weight: 400;\">La organizaci\u00f3n de <span style=\"color: #008000;\"><strong>campa\u00f1as generales de informaci\u00f3n y divulgaci\u00f3n<\/strong><\/span> dirigidas a la sociedad civil, relacionadas con las problem\u00e1ticas espec\u00edficas.<\/span><\/li><\/ul><ul><li><span style=\"font-weight: 400;\">La plena <span style=\"color: #008000;\"><strong>normalizaci\u00f3n del colectivo<\/strong><\/span> y mejorar la calidad de vida de las personas con discapacidad mediante el objetivo de la accesibilidad universal en el \u00e1mbito urbano, arquitect\u00f3nico y de las nuevas tecnolog\u00edas&#8230;.<\/span><\/li><\/ul>\t\t\t\t\t\t\t\t<\/div>\n\t\t\t\t<\/div>\n\t\t\t\t<\/div>\n\t\t\t\t<div class=\"elementor-element elementor-element-445d884 elementor-hidden-mobile elementor-widget-divider--separator-type-pattern elementor-widget-divider--view-line elementor-widget elementor-widget-divider\" data-id=\"445d884\" data-element_type=\"widget\" data-e-type=\"widget\" data-widget_type=\"divider.default\">\n\t\t\t\t<div class=\"elementor-widget-container\">\n\t\t\t\t\t\t\t<div class=\"elementor-divider\" style=\"--divider-pattern-url: url(&quot;data:image\/svg+xml,%3Csvg xmlns=&#039;http:\/\/www.w3.org\/2000\/svg&#039; preserveAspectRatio=&#039;none&#039; overflow=&#039;visible&#039; height=&#039;100%&#039; viewBox=&#039;0 0 24 24&#039; fill=&#039;black&#039; stroke=&#039;none&#039;%3E%3Cpath d=&#039;M12.7,2.3c-0.4-0.4-1.1-0.4-1.5,0l-8,9.1c-0.3,0.4-0.3,0.9,0,1.2l8,9.1c0.4,0.4,1.1,0.4,1.5,0l8-9.1c0.3-0.4,0.3-0.9,0-1.2L12.7,2.3z&#039;\/%3E%3C\/svg%3E&quot;);\">\n\t\t\t<span class=\"elementor-divider-separator\">\n\t\t\t\t\t\t<\/span>\n\t\t<\/div>\n\t\t\t\t\t\t<\/div>\n\t\t\t\t<\/div>\n\t\t<div class=\"elementor-element elementor-element-1bbfc8e e-con-full e-flex e-con e-child\" data-id=\"1bbfc8e\" data-element_type=\"container\" data-e-type=\"container\" data-settings=\"{&quot;jet_parallax_layout_list&quot;:[]}\">\n\t\t\t\t<div class=\"elementor-element elementor-element-6844b4d elementor-widget elementor-widget-text-editor\" data-id=\"6844b4d\" data-element_type=\"widget\" data-e-type=\"widget\" data-widget_type=\"text-editor.default\">\n\t\t\t\t<div class=\"elementor-widget-container\">\n\t\t\t\t\t\t\t\t\t<ul><li><span style=\"font-weight: 400;\">El apoyo a la <span style=\"color: #008000;\"><strong>autonom\u00eda personal.<\/strong><\/span><\/span><\/li><\/ul><ul><li aria-level=\"1\"><span style=\"font-weight: 400;\">La orientaci\u00f3n y colaboraci\u00f3n en <span style=\"color: #008000;\"><strong>campa\u00f1as de educaci\u00f3n ciudadana<\/strong><\/span> orientadas a la prevenci\u00f3n.<\/span><\/li><\/ul><ul><li aria-level=\"1\">El <strong><span style=\"color: #008000;\">desarrollo de proyectos<\/span><\/strong> en los que participen instituciones, la comunidad cient\u00edfica sanitaria y la sociedad civil.<\/li><\/ul><ul><li aria-level=\"1\"><span style=\"font-weight: 400;\">La creaci\u00f3n de una <strong><span style=\"color: #008000;\">estructura de voluntariado<\/span><\/strong> encargada de orientar, informar y apoyar a la persona afectada y a su entorno familiar.<\/span><\/li><\/ul>\t\t\t\t\t\t\t\t<\/div>\n\t\t\t\t<\/div>\n\t\t<div class=\"elementor-element elementor-element-d167a6c e-con-full e-flex e-con e-child\" data-id=\"d167a6c\" data-element_type=\"container\" data-e-type=\"container\" data-settings=\"{&quot;jet_parallax_layout_list&quot;:[]}\">\n\t\t\t\t<div class=\"elementor-element elementor-element-d7216a3 elementor-widget elementor-widget-image\" data-id=\"d7216a3\" data-element_type=\"widget\" data-e-type=\"widget\" data-widget_type=\"image.default\">\n\t\t\t\t<div class=\"elementor-widget-container\">\n\t\t\t\t\t\t\t\t\t\t\t\t\t\t\t<img decoding=\"async\" width=\"334\" height=\"251\" src=\"https:\/\/lalligaonline.org\/wp-content\/uploads\/Invictes-folleto-Carrousel-11-removebg-preview-2.png\" class=\"attachment-full size-full wp-image-3783\" alt=\"\" \/>\t\t\t\t\t\t\t\t\t\t\t\t\t\t\t<\/div>\n\t\t\t\t<\/div>\n\t\t\t\t<\/div>\n\t\t\t\t<\/div>\n\t\t\t\t<div class=\"elementor-element elementor-element-4803ffd elementor-hidden-mobile elementor-widget-divider--separator-type-pattern elementor-widget-divider--view-line elementor-widget elementor-widget-divider\" data-id=\"4803ffd\" data-element_type=\"widget\" data-e-type=\"widget\" data-widget_type=\"divider.default\">\n\t\t\t\t<div class=\"elementor-widget-container\">\n\t\t\t\t\t\t\t<div class=\"elementor-divider\" style=\"--divider-pattern-url: url(&quot;data:image\/svg+xml,%3Csvg xmlns=&#039;http:\/\/www.w3.org\/2000\/svg&#039; preserveAspectRatio=&#039;none&#039; overflow=&#039;visible&#039; height=&#039;100%&#039; viewBox=&#039;0 0 24 24&#039; fill=&#039;black&#039; stroke=&#039;none&#039;%3E%3Cpath d=&#039;M12.7,2.3c-0.4-0.4-1.1-0.4-1.5,0l-8,9.1c-0.3,0.4-0.3,0.9,0,1.2l8,9.1c0.4,0.4,1.1,0.4,1.5,0l8-9.1c0.3-0.4,0.3-0.9,0-1.2L12.7,2.3z&#039;\/%3E%3C\/svg%3E&quot;);\">\n\t\t\t<span class=\"elementor-divider-separator\">\n\t\t\t\t\t\t<\/span>\n\t\t<\/div>\n\t\t\t\t\t\t<\/div>\n\t\t\t\t<\/div>\n\t\t<div class=\"elementor-element elementor-element-234912f e-con-full e-flex e-con e-child\" data-id=\"234912f\" data-element_type=\"container\" data-e-type=\"container\" data-settings=\"{&quot;jet_parallax_layout_list&quot;:[]}\">\n\t\t<div class=\"elementor-element elementor-element-15f39b4 e-con-full e-flex e-con e-child\" data-id=\"15f39b4\" data-element_type=\"container\" data-e-type=\"container\" data-settings=\"{&quot;jet_parallax_layout_list&quot;:[]}\">\n\t\t\t\t<div class=\"elementor-element elementor-element-7aef329 elementor-widget elementor-widget-image\" data-id=\"7aef329\" data-element_type=\"widget\" data-e-type=\"widget\" data-widget_type=\"image.default\">\n\t\t\t\t<div class=\"elementor-widget-container\">\n\t\t\t\t\t\t\t\t\t\t\t\t\t\t\t<img loading=\"lazy\" decoding=\"async\" width=\"348\" height=\"244\" src=\"https:\/\/lalligaonline.org\/wp-content\/uploads\/Invictes-folleto-Carrousel-7-removebg-preview.png\" class=\"attachment-large size-large wp-image-3787\" alt=\"\" \/>\t\t\t\t\t\t\t\t\t\t\t\t\t\t\t<\/div>\n\t\t\t\t<\/div>\n\t\t\t\t<\/div>\n\t\t\t\t<div class=\"elementor-element elementor-element-42797a5 elementor-widget elementor-widget-text-editor\" data-id=\"42797a5\" data-element_type=\"widget\" data-e-type=\"widget\" data-widget_type=\"text-editor.default\">\n\t\t\t\t<div class=\"elementor-widget-container\">\n\t\t\t\t\t\t\t\t\t<ul><li aria-level=\"1\"><span style=\"font-weight: 400;\">La <span style=\"color: #008000;\"><strong>colaboraci\u00f3n con asociaciones<\/strong><\/span> que compartan problem\u00e1ticas similares.<\/span><\/li><\/ul><ul><li aria-level=\"1\"><span style=\"font-weight: 400;\">Todas aquellas <span style=\"color: #008000;\"><strong>actividades en general<\/strong><\/span> que, relacionadas con las enfermedades reum\u00e1ticas y las alteraciones del aparato locomotor, puedan resultar de inter\u00e9s para sus miembros.<\/span><\/li><\/ul><ul><li aria-level=\"1\"><span style=\"font-weight: 400;\">La realizaci\u00f3n de <strong><span style=\"color: #008000;\">estudios poblacionales<\/span><\/strong> de personas afectadas de este tipo en las comarcas de Tarragona.<\/span><\/li><\/ul><ul><li aria-level=\"1\"><span style=\"font-weight: 400;\">El <strong><span style=\"color: #008000;\">fomento de la investigaci\u00f3n<\/span><\/strong> sobre trastornos osteoarticulares, y el apoyo a estudios de investigaci\u00f3n sobre el tema.<\/span><\/li><\/ul>\t\t\t\t\t\t\t\t<\/div>\n\t\t\t\t<\/div>\n\t\t\t\t<\/div>\n\t\t\t\t<div class=\"elementor-element elementor-element-6a5ceb6 elementor-hidden-mobile elementor-widget-divider--separator-type-pattern elementor-widget-divider--view-line elementor-widget elementor-widget-divider\" data-id=\"6a5ceb6\" data-element_type=\"widget\" data-e-type=\"widget\" data-widget_type=\"divider.default\">\n\t\t\t\t<div class=\"elementor-widget-container\">\n\t\t\t\t\t\t\t<div class=\"elementor-divider\" style=\"--divider-pattern-url: url(&quot;data:image\/svg+xml,%3Csvg xmlns=&#039;http:\/\/www.w3.org\/2000\/svg&#039; preserveAspectRatio=&#039;none&#039; overflow=&#039;visible&#039; height=&#039;100%&#039; viewBox=&#039;0 0 24 24&#039; fill=&#039;black&#039; stroke=&#039;none&#039;%3E%3Cpath d=&#039;M12.7,2.3c-0.4-0.4-1.1-0.4-1.5,0l-8,9.1c-0.3,0.4-0.3,0.9,0,1.2l8,9.1c0.4,0.4,1.1,0.4,1.5,0l8-9.1c0.3-0.4,0.3-0.9,0-1.2L12.7,2.3z&#039;\/%3E%3C\/svg%3E&quot;);\">\n\t\t\t<span class=\"elementor-divider-separator\">\n\t\t\t\t\t\t<\/span>\n\t\t<\/div>\n\t\t\t\t\t\t<\/div>\n\t\t\t\t<\/div>\n\t\t<div class=\"elementor-element elementor-element-86b6a64 e-con-full e-flex e-con e-child\" data-id=\"86b6a64\" data-element_type=\"container\" data-e-type=\"container\" data-settings=\"{&quot;jet_parallax_layout_list&quot;:[]}\">\n\t\t\t\t<div class=\"elementor-element elementor-element-836b47c elementor-widget elementor-widget-text-editor\" data-id=\"836b47c\" data-element_type=\"widget\" data-e-type=\"widget\" data-widget_type=\"text-editor.default\">\n\t\t\t\t<div class=\"elementor-widget-container\">\n\t\t\t\t\t\t\t\t\t<ul><li aria-level=\"1\"><span style=\"font-weight: 400;\">La promoci\u00f3n, el apoyo y la <span style=\"color: #008000;\"><strong>colaboraci\u00f3n en actividades cient\u00edficas<\/strong><\/span> que faciliten el intercambio de conocimientos, experiencias y la actualizaci\u00f3n de avances en este \u00e1mbito espec\u00edfico.<\/span><\/li><\/ul><ul><li><span style=\"font-weight: 400;\">La orientaci\u00f3n y <span style=\"color: #008000;\"><strong>colaboraci\u00f3n en cursos dirigidos<\/strong><\/span> tanto a profesionales sanitarios como del \u00e1mbito de la asistencia social<\/span><\/li><\/ul><ul><li>El apoyo y organizaci\u00f3n de <strong><span style=\"color: #008000;\">congresos de la comunidad cient\u00edfica<\/span><\/strong> sobre las diferentes especialidades implicadas en las enfermedades reum\u00e1ticas y los trastornos del aparato locomotor.<\/li><\/ul>\t\t\t\t\t\t\t\t<\/div>\n\t\t\t\t<\/div>\n\t\t<div class=\"elementor-element elementor-element-4aa0e89 e-con-full e-flex e-con e-child\" data-id=\"4aa0e89\" data-element_type=\"container\" data-e-type=\"container\" data-settings=\"{&quot;jet_parallax_layout_list&quot;:[]}\">\n\t\t\t\t<div class=\"elementor-element elementor-element-63745f5 elementor-widget elementor-widget-image\" data-id=\"63745f5\" data-element_type=\"widget\" data-e-type=\"widget\" data-widget_type=\"image.default\">\n\t\t\t\t<div class=\"elementor-widget-container\">\n\t\t\t\t\t\t\t\t\t\t\t\t\t\t\t<img loading=\"lazy\" decoding=\"async\" width=\"360\" height=\"283\" src=\"https:\/\/lalligaonline.org\/wp-content\/uploads\/Invictes-folleto-Carrousel-9-removebg-preview-1.png\" class=\"attachment-full size-full wp-image-3786\" alt=\"\" \/>\t\t\t\t\t\t\t\t\t\t\t\t\t\t\t<\/div>\n\t\t\t\t<\/div>\n\t\t\t\t<\/div>\n\t\t\t\t<\/div>\n\t\t\t\t<\/div>\n\t\t\t\t<\/div>\n\t\t<div class=\"elementor-element elementor-element-a8dbf93 e-con-full e-flex e-con e-child\" data-id=\"a8dbf93\" data-element_type=\"container\" data-e-type=\"container\" data-settings=\"{&quot;jet_parallax_layout_list&quot;:[]}\">\n\t\t\t\t<div class=\"elementor-element elementor-element-2529c07 elementor-widget elementor-widget-spacer\" data-id=\"2529c07\" data-element_type=\"widget\" data-e-type=\"widget\" data-widget_type=\"spacer.default\">\n\t\t\t\t<div class=\"elementor-widget-container\">\n\t\t\t\t\t\t\t<div class=\"elementor-spacer\">\n\t\t\t<div class=\"elementor-spacer-inner\"><\/div>\n\t\t<\/div>\n\t\t\t\t\t\t<\/div>\n\t\t\t\t<\/div>\n\t\t\t\t<\/div>\n\t\t\t\t\t<\/div>\n\t\t\t\t<\/div>\n\t\t\t\t<\/div>\n\t\t","protected":false},"excerpt":{"rendered":"<p>OBJETIVOS GENERALES El principal objetivo de La Lliga es la mejora de la calidad de vida y la NORMALIZACI\u00d3N de las personas afectadas por cualquier tipo de enfermedad reum\u00e1tica cr\u00f3nica y\/o discapacidad f\u00edsica u org\u00e1nica, como por ejemplo: Discapacidad f\u00edsica y\/o org\u00e1nica de cualquier origen y tipolog\u00eda. Personas con movilidad reducida. Personas con enfermedades cr\u00f3nicas [&hellip;]<\/p>\n","protected":false},"author":1,"featured_media":0,"parent":0,"menu_order":0,"comment_status":"closed","ping_status":"closed","template":"elementor_header_footer","meta":{"footnotes":""},"class_list":["post-3789","page","type-page","status-publish","hentry"],"yoast_head":"<!-- This site is optimized with the Yoast SEO plugin v27.2 - https:\/\/yoast.com\/product\/yoast-seo-wordpress\/ -->\n<title>Objetivos - La Lliga Online<\/title>\n<meta name=\"robots\" content=\"index, follow, max-snippet:-1, max-image-preview:large, max-video-preview:-1\" \/>\n<link rel=\"canonical\" href=\"https:\/\/lalligaonline.org\/es\/objetivos\/\" \/>\n<meta property=\"og:locale\" content=\"es_ES\" \/>\n<meta property=\"og:type\" content=\"article\" \/>\n<meta property=\"og:title\" content=\"Objetivos - La Lliga Online\" \/>\n<meta property=\"og:description\" content=\"OBJETIVOS GENERALES El principal objetivo de La Lliga es la mejora de la calidad de vida y la NORMALIZACI\u00d3N de las personas afectadas por cualquier tipo de enfermedad reum\u00e1tica cr\u00f3nica y\/o discapacidad f\u00edsica u org\u00e1nica, como por ejemplo: Discapacidad f\u00edsica y\/o org\u00e1nica de cualquier origen y tipolog\u00eda. Personas con movilidad reducida. Personas con enfermedades cr\u00f3nicas [&hellip;]\" \/>\n<meta property=\"og:url\" content=\"https:\/\/lalligaonline.org\/es\/objetivos\/\" \/>\n<meta property=\"og:site_name\" content=\"La Lliga Online\" \/>\n<meta property=\"article:modified_time\" content=\"2025-04-30T13:21:40+00:00\" \/>\n<meta property=\"og:image\" content=\"https:\/\/lalligaonline.org\/wp-content\/uploads\/Imatge-objectius-1B-2.jpg\" \/>\n<meta name=\"twitter:card\" content=\"summary_large_image\" \/>\n<meta name=\"twitter:label1\" content=\"Tiempo de lectura\" \/>\n\t<meta name=\"twitter:data1\" content=\"3 minutos\" \/>\n<script type=\"application\/ld+json\" class=\"yoast-schema-graph\">{\"@context\":\"https:\/\/schema.org\",\"@graph\":[{\"@type\":\"WebPage\",\"@id\":\"https:\/\/lalligaonline.org\/es\/objetivos\/\",\"url\":\"https:\/\/lalligaonline.org\/es\/objetivos\/\",\"name\":\"Objetivos - La Lliga Online\",\"isPartOf\":{\"@id\":\"https:\/\/lalligaonline.org\/#website\"},\"primaryImageOfPage\":{\"@id\":\"https:\/\/lalligaonline.org\/es\/objetivos\/#primaryimage\"},\"image\":{\"@id\":\"https:\/\/lalligaonline.org\/es\/objetivos\/#primaryimage\"},\"thumbnailUrl\":\"https:\/\/lalligaonline.org\/wp-content\/uploads\/Imatge-objectius-1B-2.jpg\",\"datePublished\":\"2024-12-19T15:40:03+00:00\",\"dateModified\":\"2025-04-30T13:21:40+00:00\",\"breadcrumb\":{\"@id\":\"https:\/\/lalligaonline.org\/es\/objetivos\/#breadcrumb\"},\"inLanguage\":\"es\",\"potentialAction\":[{\"@type\":\"ReadAction\",\"target\":[\"https:\/\/lalligaonline.org\/es\/objetivos\/\"]}]},{\"@type\":\"ImageObject\",\"inLanguage\":\"es\",\"@id\":\"https:\/\/lalligaonline.org\/es\/objetivos\/#primaryimage\",\"url\":\"https:\/\/lalligaonline.org\/wp-content\/uploads\/Imatge-objectius-1B-2.jpg\",\"contentUrl\":\"https:\/\/lalligaonline.org\/wp-content\/uploads\/Imatge-objectius-1B-2.jpg\"},{\"@type\":\"BreadcrumbList\",\"@id\":\"https:\/\/lalligaonline.org\/es\/objetivos\/#breadcrumb\",\"itemListElement\":[{\"@type\":\"ListItem\",\"position\":1,\"name\":\"Portada\",\"item\":\"https:\/\/lalligaonline.org\/es\/\"},{\"@type\":\"ListItem\",\"position\":2,\"name\":\"Objetivos\"}]},{\"@type\":\"WebSite\",\"@id\":\"https:\/\/lalligaonline.org\/#website\",\"url\":\"https:\/\/lalligaonline.org\/\",\"name\":\"La Lliga Online\",\"description\":\"La Lliga d&#039;Afectats Reumatol\u00f2gics i Discapacitats\",\"potentialAction\":[{\"@type\":\"SearchAction\",\"target\":{\"@type\":\"EntryPoint\",\"urlTemplate\":\"https:\/\/lalligaonline.org\/?s={search_term_string}\"},\"query-input\":{\"@type\":\"PropertyValueSpecification\",\"valueRequired\":true,\"valueName\":\"search_term_string\"}}],\"inLanguage\":\"es\"}]}<\/script>\n<!-- \/ Yoast SEO plugin. -->","yoast_head_json":{"title":"Objetivos - La Lliga Online","robots":{"index":"index","follow":"follow","max-snippet":"max-snippet:-1","max-image-preview":"max-image-preview:large","max-video-preview":"max-video-preview:-1"},"canonical":"https:\/\/lalligaonline.org\/es\/objetivos\/","og_locale":"es_ES","og_type":"article","og_title":"Objetivos - La Lliga Online","og_description":"OBJETIVOS GENERALES El principal objetivo de La Lliga es la mejora de la calidad de vida y la NORMALIZACI\u00d3N de las personas afectadas por cualquier tipo de enfermedad reum\u00e1tica cr\u00f3nica y\/o discapacidad f\u00edsica u org\u00e1nica, como por ejemplo: Discapacidad f\u00edsica y\/o org\u00e1nica de cualquier origen y tipolog\u00eda. Personas con movilidad reducida. Personas con enfermedades cr\u00f3nicas [&hellip;]","og_url":"https:\/\/lalligaonline.org\/es\/objetivos\/","og_site_name":"La Lliga Online","article_modified_time":"2025-04-30T13:21:40+00:00","og_image":[{"url":"https:\/\/lalligaonline.org\/wp-content\/uploads\/Imatge-objectius-1B-2.jpg","type":"","width":"","height":""}],"twitter_card":"summary_large_image","twitter_misc":{"Tiempo de lectura":"3 minutos"},"schema":{"@context":"https:\/\/schema.org","@graph":[{"@type":"WebPage","@id":"https:\/\/lalligaonline.org\/es\/objetivos\/","url":"https:\/\/lalligaonline.org\/es\/objetivos\/","name":"Objetivos - La Lliga Online","isPartOf":{"@id":"https:\/\/lalligaonline.org\/#website"},"primaryImageOfPage":{"@id":"https:\/\/lalligaonline.org\/es\/objetivos\/#primaryimage"},"image":{"@id":"https:\/\/lalligaonline.org\/es\/objetivos\/#primaryimage"},"thumbnailUrl":"https:\/\/lalligaonline.org\/wp-content\/uploads\/Imatge-objectius-1B-2.jpg","datePublished":"2024-12-19T15:40:03+00:00","dateModified":"2025-04-30T13:21:40+00:00","breadcrumb":{"@id":"https:\/\/lalligaonline.org\/es\/objetivos\/#breadcrumb"},"inLanguage":"es","potentialAction":[{"@type":"ReadAction","target":["https:\/\/lalligaonline.org\/es\/objetivos\/"]}]},{"@type":"ImageObject","inLanguage":"es","@id":"https:\/\/lalligaonline.org\/es\/objetivos\/#primaryimage","url":"https:\/\/lalligaonline.org\/wp-content\/uploads\/Imatge-objectius-1B-2.jpg","contentUrl":"https:\/\/lalligaonline.org\/wp-content\/uploads\/Imatge-objectius-1B-2.jpg"},{"@type":"BreadcrumbList","@id":"https:\/\/lalligaonline.org\/es\/objetivos\/#breadcrumb","itemListElement":[{"@type":"ListItem","position":1,"name":"Portada","item":"https:\/\/lalligaonline.org\/es\/"},{"@type":"ListItem","position":2,"name":"Objetivos"}]},{"@type":"WebSite","@id":"https:\/\/lalligaonline.org\/#website","url":"https:\/\/lalligaonline.org\/","name":"La Lliga Online","description":"La Lliga d&#039;Afectats Reumatol\u00f2gics i Discapacitats","potentialAction":[{"@type":"SearchAction","target":{"@type":"EntryPoint","urlTemplate":"https:\/\/lalligaonline.org\/?s={search_term_string}"},"query-input":{"@type":"PropertyValueSpecification","valueRequired":true,"valueName":"search_term_string"}}],"inLanguage":"es"}]}},"_links":{"self":[{"href":"https:\/\/lalligaonline.org\/es\/wp-json\/wp\/v2\/pages\/3789","targetHints":{"allow":["GET"]}}],"collection":[{"href":"https:\/\/lalligaonline.org\/es\/wp-json\/wp\/v2\/pages"}],"about":[{"href":"https:\/\/lalligaonline.org\/es\/wp-json\/wp\/v2\/types\/page"}],"author":[{"embeddable":true,"href":"https:\/\/lalligaonline.org\/es\/wp-json\/wp\/v2\/users\/1"}],"replies":[{"embeddable":true,"href":"https:\/\/lalligaonline.org\/es\/wp-json\/wp\/v2\/comments?post=3789"}],"version-history":[{"count":13,"href":"https:\/\/lalligaonline.org\/es\/wp-json\/wp\/v2\/pages\/3789\/revisions"}],"predecessor-version":[{"id":4104,"href":"https:\/\/lalligaonline.org\/es\/wp-json\/wp\/v2\/pages\/3789\/revisions\/4104"}],"wp:attachment":[{"href":"https:\/\/lalligaonline.org\/es\/wp-json\/wp\/v2\/media?parent=3789"}],"curies":[{"name":"wp","href":"https:\/\/api.w.org\/{rel}","templated":true}]}}