{"id":3903,"date":"2023-08-24T07:48:28","date_gmt":"2023-08-24T07:48:28","guid":{"rendered":"https:\/\/lalligaonline.org\/?page_id=3903"},"modified":"2025-04-30T13:47:16","modified_gmt":"2025-04-30T13:47:16","slug":"no-mho-posis-mes-dificil","status":"publish","type":"page","link":"https:\/\/lalligaonline.org\/es\/no-mho-posis-mes-dificil\/","title":{"rendered":"NO M\u2019HO POSIS M\u00c9S DIF\u00cdCIL"},"content":{"rendered":"\t\t<div data-elementor-type=\"wp-page\" data-elementor-id=\"3903\" class=\"elementor elementor-3903 elementor-2049\" data-elementor-post-type=\"page\">\n\t\t\t\t<div class=\"elementor-element elementor-element-581e175 e-flex e-con-boxed e-con e-parent\" data-id=\"581e175\" data-element_type=\"container\" data-e-type=\"container\" data-settings=\"{&quot;background_background&quot;:&quot;gradient&quot;,&quot;jet_parallax_layout_list&quot;:[]}\">\n\t\t\t\t\t<div class=\"e-con-inner\">\n\t\t<div class=\"elementor-element elementor-element-1666b21 e-con-full elementor-hidden-tablet elementor-hidden-mobile e-flex e-con e-child\" data-id=\"1666b21\" data-element_type=\"container\" data-e-type=\"container\" data-settings=\"{&quot;jet_parallax_layout_list&quot;:[]}\">\n\t\t\t\t<div class=\"elementor-element elementor-element-c06b2d5 elementor-widget elementor-widget-spacer\" data-id=\"c06b2d5\" data-element_type=\"widget\" data-e-type=\"widget\" data-widget_type=\"spacer.default\">\n\t\t\t\t<div class=\"elementor-widget-container\">\n\t\t\t\t\t\t\t<div class=\"elementor-spacer\">\n\t\t\t<div class=\"elementor-spacer-inner\"><\/div>\n\t\t<\/div>\n\t\t\t\t\t\t<\/div>\n\t\t\t\t<\/div>\n\t\t\t\t<\/div>\n\t\t<div class=\"elementor-element elementor-element-36a0cfc e-con-full e-flex e-con e-child\" data-id=\"36a0cfc\" data-element_type=\"container\" data-e-type=\"container\" data-settings=\"{&quot;background_background&quot;:&quot;classic&quot;,&quot;jet_parallax_layout_list&quot;:[]}\">\n\t\t<div class=\"elementor-element elementor-element-19dc6fd e-con-full e-flex e-con e-child\" data-id=\"19dc6fd\" data-element_type=\"container\" data-e-type=\"container\" data-settings=\"{&quot;jet_parallax_layout_list&quot;:[]}\">\n\t\t<div class=\"elementor-element elementor-element-9b9f484 e-con-full e-flex e-con e-child\" data-id=\"9b9f484\" data-element_type=\"container\" data-e-type=\"container\" data-settings=\"{&quot;jet_parallax_layout_list&quot;:[]}\">\n\t\t\t\t<div class=\"elementor-element elementor-element-7639a7c elementor-widget__width-auto elementor-invisible elementor-widget elementor-widget-text-editor\" data-id=\"7639a7c\" data-element_type=\"widget\" data-e-type=\"widget\" data-settings=\"{&quot;_animation&quot;:&quot;fadeInRight&quot;,&quot;_animation_delay&quot;:200}\" data-widget_type=\"text-editor.default\">\n\t\t\t\t<div class=\"elementor-widget-container\">\n\t\t\t\t\t\t\t\t\t<h3><strong><span style=\"color: #008000;\"><b>NO M&#8217;HO POSIS M\u00c9S DIF\u00cdCIL<\/b><\/span><\/strong><\/h3>\t\t\t\t\t\t\t\t<\/div>\n\t\t\t\t<\/div>\n\t\t\t\t<div class=\"elementor-element elementor-element-a9ad908 elementor-invisible elementor-widget elementor-widget-text-editor\" data-id=\"a9ad908\" data-element_type=\"widget\" data-e-type=\"widget\" data-settings=\"{&quot;_animation&quot;:&quot;fadeInRight&quot;,&quot;_animation_delay&quot;:500}\" data-widget_type=\"text-editor.default\">\n\t\t\t\t<div class=\"elementor-widget-container\">\n\t\t\t\t\t\t\t\t\t<p>El programa de sensibilizaci\u00f3n sobre espacios reservados <span style=\"color: #008000;\"><strong>\u201cNo m&#8217;ho posis m\u00e9s dif\u00edcil\u201d<\/strong><\/span> <span style=\"color: #008000;\">(\u00abNo me lo pongas m\u00e1s dif\u00edcil\u00bb)<\/span> pone el foco en los problemas y barreras cotidianas que deben afrontar y superar las personas con discapacidad. A trav\u00e9s de este programa se explica la normativa relativa a las <strong><span style=\"color: #008000;\">plazas de aparcamiento reservadas<\/span><\/strong> y se analizan ejemplos de buenas y malas pr\u00e1cticas en este \u00e1mbito.<\/p><p><strong><span style=\"color: #008000;\">La Lliga<\/span><\/strong> lleva a cabo diversas campa\u00f1as con los objetivos de <span style=\"color: #008000;\"><strong>informar, formar, sensibilizar y apoyar<\/strong><\/span>, como herramientas clave para alcanzar la meta final: la <span style=\"color: #008000;\"><strong>normalizaci\u00f3n<\/strong><\/span> de las personas con discapacidad en la sociedad y la implantaci\u00f3n de la <strong><span style=\"color: #008000;\">accesibilidad universal<\/span><\/strong>.<\/p><p>Como parte del programa <strong><span style=\"color: #008000;\">\u201cNo m&#8217;ho posis m\u00e9s dif\u00edcil\u201d<\/span><\/strong>, se han dise\u00f1ado adhesivos que llaman la atenci\u00f3n de la ciudadan\u00eda para asociarlos con una acci\u00f3n de protesta y defensa de los <span style=\"color: #008000;\"><strong>derechos de las personas con discapacidad<\/strong><\/span>.<\/p>\t\t\t\t\t\t\t\t<\/div>\n\t\t\t\t<\/div>\n\t\t\t\t<\/div>\n\t\t<div class=\"elementor-element elementor-element-74ae155 e-con-full e-flex elementor-invisible e-con e-child\" data-id=\"74ae155\" data-element_type=\"container\" data-e-type=\"container\" data-settings=\"{&quot;animation&quot;:&quot;zoomIn&quot;,&quot;animation_delay&quot;:1000,&quot;jet_parallax_layout_list&quot;:[]}\">\n\t\t\t\t<div class=\"elementor-element elementor-element-67847d7 elementor-widget__width-initial elementor-invisible elementor-widget elementor-widget-image\" data-id=\"67847d7\" data-element_type=\"widget\" data-e-type=\"widget\" data-settings=\"{&quot;_animation&quot;:&quot;zoomIn&quot;,&quot;_animation_delay&quot;:700}\" data-widget_type=\"image.default\">\n\t\t\t\t<div class=\"elementor-widget-container\">\n\t\t\t\t\t\t\t\t\t\t\t\t\t\t\t<img fetchpriority=\"high\" decoding=\"async\" width=\"800\" height=\"800\" src=\"https:\/\/lalligaonline.org\/wp-content\/uploads\/Foto-Enganxina-824x824.jpg\" class=\"attachment-large size-large wp-image-3906\" alt=\"\" srcset=\"https:\/\/lalligaonline.org\/wp-content\/uploads\/Foto-Enganxina-824x824.jpg 824w, https:\/\/lalligaonline.org\/wp-content\/uploads\/Foto-Enganxina-600x600.jpg 600w, https:\/\/lalligaonline.org\/wp-content\/uploads\/Foto-Enganxina-300x300.jpg 300w, https:\/\/lalligaonline.org\/wp-content\/uploads\/Foto-Enganxina-768x768.jpg 768w, https:\/\/lalligaonline.org\/wp-content\/uploads\/Foto-Enganxina.jpg 1080w\" sizes=\"(max-width: 800px) 100vw, 800px\" \/>\t\t\t\t\t\t\t\t\t\t\t\t\t\t\t<\/div>\n\t\t\t\t<\/div>\n\t\t\t\t<\/div>\n\t\t\t\t<\/div>\n\t\t<div class=\"elementor-element elementor-element-03fa1e2 elementor-hidden-tablet e-con-full e-flex e-con e-child\" data-id=\"03fa1e2\" data-element_type=\"container\" data-e-type=\"container\" data-settings=\"{&quot;jet_parallax_layout_list&quot;:[]}\">\n\t\t\t\t<div class=\"elementor-element elementor-element-803821c elementor-widget-divider--separator-type-pattern elementor-widget-divider--view-line elementor-invisible elementor-widget elementor-widget-divider\" data-id=\"803821c\" data-element_type=\"widget\" data-e-type=\"widget\" data-settings=\"{&quot;_animation&quot;:&quot;fadeIn&quot;,&quot;_animation_delay&quot;:1500}\" data-widget_type=\"divider.default\">\n\t\t\t\t<div class=\"elementor-widget-container\">\n\t\t\t\t\t\t\t<div class=\"elementor-divider\" style=\"--divider-pattern-url: url(&quot;data:image\/svg+xml,%3Csvg xmlns=&#039;http:\/\/www.w3.org\/2000\/svg&#039; preserveAspectRatio=&#039;none&#039; overflow=&#039;visible&#039; height=&#039;100%&#039; viewBox=&#039;0 0 24 24&#039; fill=&#039;black&#039; stroke=&#039;none&#039;%3E%3Cpath d=&#039;M12.7,2.3c-0.4-0.4-1.1-0.4-1.5,0l-8,9.1c-0.3,0.4-0.3,0.9,0,1.2l8,9.1c0.4,0.4,1.1,0.4,1.5,0l8-9.1c0.3-0.4,0.3-0.9,0-1.2L12.7,2.3z&#039;\/%3E%3C\/svg%3E&quot;);\">\n\t\t\t<span class=\"elementor-divider-separator\">\n\t\t\t\t\t\t<\/span>\n\t\t<\/div>\n\t\t\t\t\t\t<\/div>\n\t\t\t\t<\/div>\n\t\t\t\t<\/div>\n\t\t<div class=\"elementor-element elementor-element-1e1bbf3 e-con-full e-flex e-con e-child\" data-id=\"1e1bbf3\" data-element_type=\"container\" data-e-type=\"container\" data-settings=\"{&quot;jet_parallax_layout_list&quot;:[]}\">\n\t\t<div class=\"elementor-element elementor-element-ed326ee e-con-full e-flex elementor-invisible e-con e-child\" data-id=\"ed326ee\" data-element_type=\"container\" data-e-type=\"container\" data-settings=\"{&quot;animation&quot;:&quot;zoomIn&quot;,&quot;animation_delay&quot;:1000,&quot;jet_parallax_layout_list&quot;:[]}\">\n\t\t\t\t<div class=\"elementor-element elementor-element-6d2a073 elementor-widget__width-initial elementor-invisible elementor-widget elementor-widget-image\" data-id=\"6d2a073\" data-element_type=\"widget\" data-e-type=\"widget\" data-settings=\"{&quot;_animation&quot;:&quot;zoomIn&quot;,&quot;_animation_delay&quot;:1300}\" data-widget_type=\"image.default\">\n\t\t\t\t<div class=\"elementor-widget-container\">\n\t\t\t\t\t\t\t\t\t\t\t\t\t\t\t<img decoding=\"async\" width=\"642\" height=\"824\" src=\"https:\/\/lalligaonline.org\/wp-content\/uploads\/Imagenes-enganchina-web-1-1-642x824.jpg\" class=\"attachment-large size-large wp-image-4110\" alt=\"\" srcset=\"https:\/\/lalligaonline.org\/wp-content\/uploads\/Imagenes-enganchina-web-1-1-642x824.jpg 642w, https:\/\/lalligaonline.org\/wp-content\/uploads\/Imagenes-enganchina-web-1-1-467x600.jpg 467w, https:\/\/lalligaonline.org\/wp-content\/uploads\/Imagenes-enganchina-web-1-1-768x986.jpg 768w, https:\/\/lalligaonline.org\/wp-content\/uploads\/Imagenes-enganchina-web-1-1.jpg 841w\" sizes=\"(max-width: 642px) 100vw, 642px\" \/>\t\t\t\t\t\t\t\t\t\t\t\t\t\t\t<\/div>\n\t\t\t\t<\/div>\n\t\t\t\t<\/div>\n\t\t<div class=\"elementor-element elementor-element-9c930a3 e-con-full e-flex e-con e-child\" data-id=\"9c930a3\" data-element_type=\"container\" data-e-type=\"container\" data-settings=\"{&quot;jet_parallax_layout_list&quot;:[]}\">\n\t\t\t\t<div class=\"elementor-element elementor-element-21baa7a elementor-widget__width-auto elementor-invisible elementor-widget elementor-widget-text-editor\" data-id=\"21baa7a\" data-element_type=\"widget\" data-e-type=\"widget\" data-settings=\"{&quot;_animation&quot;:&quot;fadeInLeft&quot;,&quot;_animation_delay&quot;:900}\" data-widget_type=\"text-editor.default\">\n\t\t\t\t<div class=\"elementor-widget-container\">\n\t\t\t\t\t\t\t\t\t<h3><strong><span style=\"color: #008000;\">APARCAMIENTOS RESERVADOS<\/span><\/strong><\/h3>\t\t\t\t\t\t\t\t<\/div>\n\t\t\t\t<\/div>\n\t\t\t\t<div class=\"elementor-element elementor-element-2041973 elementor-invisible elementor-widget elementor-widget-text-editor\" data-id=\"2041973\" data-element_type=\"widget\" data-e-type=\"widget\" data-settings=\"{&quot;_animation&quot;:&quot;fadeInLeft&quot;,&quot;_animation_delay&quot;:1100}\" data-widget_type=\"text-editor.default\">\n\t\t\t\t<div class=\"elementor-widget-container\">\n\t\t\t\t\t\t\t\t\t<p style=\"text-align: justify;\">En <span style=\"color: #008000;\"><strong>2022<\/strong><\/span>, se retom\u00f3 el programa estructurado en torno a dos ejes principales:<\/p><ul><li>Uno dirigido a la <strong><span style=\"color: #008000;\">poblaci\u00f3n en general<\/span><\/strong>.<\/li><\/ul><ul><li>Otro enfocado en el \u00e1mbito escolar, integrado dentro del programa <strong><span style=\"color: #008000;\">\u201cProactiu per la discapacitat\u00bb<\/span><\/strong> <span style=\"color: #008000;\">(Proactivos por la discapacidad)<\/span> y tambi\u00e9n en las actividades sobre Accesibilidad Universal realizadas por monitores de la entidad.<\/li><\/ul><ul><li>En los centros educativos, esta acci\u00f3n se incorpora como parte del programa <strong><span style=\"color: #008000;\">\u201cNo Passis de Roda a Roda\u201d<\/span><\/strong>. En las sesiones, se explica al alumnado la <strong><span style=\"color: #008000;\">normativa sobre los aparcamientos reservados para personas con discapacidad<\/span><\/strong>, se analizan ejemplos de <strong><span style=\"color: #008000;\">buenas y malas pr\u00e1cticas<\/span><\/strong> y se resuelven dudas. Adem\u00e1s, se entregan adhesivos tipo <strong><span style=\"color: #008000;\">post-it<\/span><\/strong> para colocar en veh\u00edculos que est\u00e9n ocupando indebidamente estos aparcamientos.<\/li><\/ul><ul><li>La <strong><span style=\"color: #008000;\">distribuci\u00f3n<\/span> <\/strong>por parte de los monitores. <\/li><\/ul><p style=\"text-align: justify;\">Al tratarse de un programa de car\u00e1cter social, sus <strong><span style=\"color: #008000;\">beneficiarios son la sociedad en general<\/span><\/strong>. La sensibilizaci\u00f3n colectiva redunda en beneficio directo para las personas con <strong><span style=\"color: #008000;\">movilidad reducida<\/span><\/strong> que disponen de tarjeta de aparcamiento reservado.<\/p>\t\t\t\t\t\t\t\t<\/div>\n\t\t\t\t<\/div>\n\t\t\t\t<\/div>\n\t\t\t\t<\/div>\n\t\t\t\t<\/div>\n\t\t<div class=\"elementor-element elementor-element-9ef12f3 elementor-hidden-tablet elementor-hidden-mobile e-con-full e-flex e-con e-child\" data-id=\"9ef12f3\" data-element_type=\"container\" data-e-type=\"container\" data-settings=\"{&quot;jet_parallax_layout_list&quot;:[]}\">\n\t\t\t\t<div class=\"elementor-element elementor-element-26baa73 elementor-widget elementor-widget-spacer\" data-id=\"26baa73\" data-element_type=\"widget\" data-e-type=\"widget\" data-widget_type=\"spacer.default\">\n\t\t\t\t<div class=\"elementor-widget-container\">\n\t\t\t\t\t\t\t<div class=\"elementor-spacer\">\n\t\t\t<div class=\"elementor-spacer-inner\"><\/div>\n\t\t<\/div>\n\t\t\t\t\t\t<\/div>\n\t\t\t\t<\/div>\n\t\t\t\t<\/div>\n\t\t\t\t\t<\/div>\n\t\t\t\t<\/div>\n\t\t\t\t<\/div>\n\t\t","protected":false},"excerpt":{"rendered":"<p>NO M&#8217;HO POSIS M\u00c9S DIF\u00cdCIL El programa de sensibilizaci\u00f3n sobre espacios reservados \u201cNo m&#8217;ho posis m\u00e9s dif\u00edcil\u201d (\u00abNo me lo pongas m\u00e1s dif\u00edcil\u00bb) pone el foco en los problemas y barreras cotidianas que deben afrontar y superar las personas con discapacidad. A trav\u00e9s de este programa se explica la normativa relativa a las plazas de [&hellip;]<\/p>\n","protected":false},"author":1,"featured_media":0,"parent":0,"menu_order":0,"comment_status":"closed","ping_status":"closed","template":"elementor_header_footer","meta":{"footnotes":""},"class_list":["post-3903","page","type-page","status-publish","hentry"],"yoast_head":"<!-- This site is optimized with the Yoast SEO plugin v27.2 - https:\/\/yoast.com\/product\/yoast-seo-wordpress\/ -->\n<title>NO M\u2019HO POSIS M\u00c9S DIF\u00cdCIL - La Lliga Online<\/title>\n<meta name=\"robots\" content=\"index, follow, max-snippet:-1, max-image-preview:large, max-video-preview:-1\" \/>\n<link rel=\"canonical\" href=\"https:\/\/lalligaonline.org\/es\/no-mho-posis-mes-dificil\/\" \/>\n<meta property=\"og:locale\" content=\"es_ES\" \/>\n<meta property=\"og:type\" content=\"article\" \/>\n<meta property=\"og:title\" content=\"NO M\u2019HO POSIS M\u00c9S DIF\u00cdCIL - La Lliga Online\" \/>\n<meta property=\"og:description\" content=\"NO M&#8217;HO POSIS M\u00c9S DIF\u00cdCIL El programa de sensibilizaci\u00f3n sobre espacios reservados \u201cNo m&#8217;ho posis m\u00e9s dif\u00edcil\u201d (\u00abNo me lo pongas m\u00e1s dif\u00edcil\u00bb) pone el foco en los problemas y barreras cotidianas que deben afrontar y superar las personas con discapacidad. A trav\u00e9s de este programa se explica la normativa relativa a las plazas de [&hellip;]\" \/>\n<meta property=\"og:url\" content=\"https:\/\/lalligaonline.org\/es\/no-mho-posis-mes-dificil\/\" \/>\n<meta property=\"og:site_name\" content=\"La Lliga Online\" \/>\n<meta property=\"article:modified_time\" content=\"2025-04-30T13:47:16+00:00\" \/>\n<meta property=\"og:image\" content=\"https:\/\/lalligaonline.org\/wp-content\/uploads\/Foto-Enganxina-824x824.jpg\" \/>\n<meta name=\"twitter:card\" content=\"summary_large_image\" \/>\n<meta name=\"twitter:label1\" content=\"Tiempo de lectura\" \/>\n\t<meta name=\"twitter:data1\" content=\"2 minutos\" \/>\n<script type=\"application\/ld+json\" class=\"yoast-schema-graph\">{\"@context\":\"https:\/\/schema.org\",\"@graph\":[{\"@type\":\"WebPage\",\"@id\":\"https:\/\/lalligaonline.org\/es\/no-mho-posis-mes-dificil\/\",\"url\":\"https:\/\/lalligaonline.org\/es\/no-mho-posis-mes-dificil\/\",\"name\":\"NO M\u2019HO POSIS M\u00c9S DIF\u00cdCIL - La Lliga Online\",\"isPartOf\":{\"@id\":\"https:\/\/lalligaonline.org\/#website\"},\"primaryImageOfPage\":{\"@id\":\"https:\/\/lalligaonline.org\/es\/no-mho-posis-mes-dificil\/#primaryimage\"},\"image\":{\"@id\":\"https:\/\/lalligaonline.org\/es\/no-mho-posis-mes-dificil\/#primaryimage\"},\"thumbnailUrl\":\"https:\/\/lalligaonline.org\/wp-content\/uploads\/Foto-Enganxina-824x824.jpg\",\"datePublished\":\"2023-08-24T07:48:28+00:00\",\"dateModified\":\"2025-04-30T13:47:16+00:00\",\"breadcrumb\":{\"@id\":\"https:\/\/lalligaonline.org\/es\/no-mho-posis-mes-dificil\/#breadcrumb\"},\"inLanguage\":\"es\",\"potentialAction\":[{\"@type\":\"ReadAction\",\"target\":[\"https:\/\/lalligaonline.org\/es\/no-mho-posis-mes-dificil\/\"]}]},{\"@type\":\"ImageObject\",\"inLanguage\":\"es\",\"@id\":\"https:\/\/lalligaonline.org\/es\/no-mho-posis-mes-dificil\/#primaryimage\",\"url\":\"https:\/\/lalligaonline.org\/wp-content\/uploads\/Foto-Enganxina-824x824.jpg\",\"contentUrl\":\"https:\/\/lalligaonline.org\/wp-content\/uploads\/Foto-Enganxina-824x824.jpg\"},{\"@type\":\"BreadcrumbList\",\"@id\":\"https:\/\/lalligaonline.org\/es\/no-mho-posis-mes-dificil\/#breadcrumb\",\"itemListElement\":[{\"@type\":\"ListItem\",\"position\":1,\"name\":\"Portada\",\"item\":\"https:\/\/lalligaonline.org\/es\/\"},{\"@type\":\"ListItem\",\"position\":2,\"name\":\"NO M\u2019HO POSIS M\u00c9S DIF\u00cdCIL\"}]},{\"@type\":\"WebSite\",\"@id\":\"https:\/\/lalligaonline.org\/#website\",\"url\":\"https:\/\/lalligaonline.org\/\",\"name\":\"La Lliga Online\",\"description\":\"La Lliga d&#039;Afectats Reumatol\u00f2gics i Discapacitats\",\"potentialAction\":[{\"@type\":\"SearchAction\",\"target\":{\"@type\":\"EntryPoint\",\"urlTemplate\":\"https:\/\/lalligaonline.org\/?s={search_term_string}\"},\"query-input\":{\"@type\":\"PropertyValueSpecification\",\"valueRequired\":true,\"valueName\":\"search_term_string\"}}],\"inLanguage\":\"es\"}]}<\/script>\n<!-- \/ Yoast SEO plugin. -->","yoast_head_json":{"title":"NO M\u2019HO POSIS M\u00c9S DIF\u00cdCIL - La Lliga Online","robots":{"index":"index","follow":"follow","max-snippet":"max-snippet:-1","max-image-preview":"max-image-preview:large","max-video-preview":"max-video-preview:-1"},"canonical":"https:\/\/lalligaonline.org\/es\/no-mho-posis-mes-dificil\/","og_locale":"es_ES","og_type":"article","og_title":"NO M\u2019HO POSIS M\u00c9S DIF\u00cdCIL - La Lliga Online","og_description":"NO M&#8217;HO POSIS M\u00c9S DIF\u00cdCIL El programa de sensibilizaci\u00f3n sobre espacios reservados \u201cNo m&#8217;ho posis m\u00e9s dif\u00edcil\u201d (\u00abNo me lo pongas m\u00e1s dif\u00edcil\u00bb) pone el foco en los problemas y barreras cotidianas que deben afrontar y superar las personas con discapacidad. A trav\u00e9s de este programa se explica la normativa relativa a las plazas de [&hellip;]","og_url":"https:\/\/lalligaonline.org\/es\/no-mho-posis-mes-dificil\/","og_site_name":"La Lliga Online","article_modified_time":"2025-04-30T13:47:16+00:00","og_image":[{"url":"https:\/\/lalligaonline.org\/wp-content\/uploads\/Foto-Enganxina-824x824.jpg","type":"","width":"","height":""}],"twitter_card":"summary_large_image","twitter_misc":{"Tiempo de lectura":"2 minutos"},"schema":{"@context":"https:\/\/schema.org","@graph":[{"@type":"WebPage","@id":"https:\/\/lalligaonline.org\/es\/no-mho-posis-mes-dificil\/","url":"https:\/\/lalligaonline.org\/es\/no-mho-posis-mes-dificil\/","name":"NO M\u2019HO POSIS M\u00c9S DIF\u00cdCIL - La Lliga Online","isPartOf":{"@id":"https:\/\/lalligaonline.org\/#website"},"primaryImageOfPage":{"@id":"https:\/\/lalligaonline.org\/es\/no-mho-posis-mes-dificil\/#primaryimage"},"image":{"@id":"https:\/\/lalligaonline.org\/es\/no-mho-posis-mes-dificil\/#primaryimage"},"thumbnailUrl":"https:\/\/lalligaonline.org\/wp-content\/uploads\/Foto-Enganxina-824x824.jpg","datePublished":"2023-08-24T07:48:28+00:00","dateModified":"2025-04-30T13:47:16+00:00","breadcrumb":{"@id":"https:\/\/lalligaonline.org\/es\/no-mho-posis-mes-dificil\/#breadcrumb"},"inLanguage":"es","potentialAction":[{"@type":"ReadAction","target":["https:\/\/lalligaonline.org\/es\/no-mho-posis-mes-dificil\/"]}]},{"@type":"ImageObject","inLanguage":"es","@id":"https:\/\/lalligaonline.org\/es\/no-mho-posis-mes-dificil\/#primaryimage","url":"https:\/\/lalligaonline.org\/wp-content\/uploads\/Foto-Enganxina-824x824.jpg","contentUrl":"https:\/\/lalligaonline.org\/wp-content\/uploads\/Foto-Enganxina-824x824.jpg"},{"@type":"BreadcrumbList","@id":"https:\/\/lalligaonline.org\/es\/no-mho-posis-mes-dificil\/#breadcrumb","itemListElement":[{"@type":"ListItem","position":1,"name":"Portada","item":"https:\/\/lalligaonline.org\/es\/"},{"@type":"ListItem","position":2,"name":"NO M\u2019HO POSIS M\u00c9S DIF\u00cdCIL"}]},{"@type":"WebSite","@id":"https:\/\/lalligaonline.org\/#website","url":"https:\/\/lalligaonline.org\/","name":"La Lliga Online","description":"La Lliga d&#039;Afectats Reumatol\u00f2gics i Discapacitats","potentialAction":[{"@type":"SearchAction","target":{"@type":"EntryPoint","urlTemplate":"https:\/\/lalligaonline.org\/?s={search_term_string}"},"query-input":{"@type":"PropertyValueSpecification","valueRequired":true,"valueName":"search_term_string"}}],"inLanguage":"es"}]}},"_links":{"self":[{"href":"https:\/\/lalligaonline.org\/es\/wp-json\/wp\/v2\/pages\/3903","targetHints":{"allow":["GET"]}}],"collection":[{"href":"https:\/\/lalligaonline.org\/es\/wp-json\/wp\/v2\/pages"}],"about":[{"href":"https:\/\/lalligaonline.org\/es\/wp-json\/wp\/v2\/types\/page"}],"author":[{"embeddable":true,"href":"https:\/\/lalligaonline.org\/es\/wp-json\/wp\/v2\/users\/1"}],"replies":[{"embeddable":true,"href":"https:\/\/lalligaonline.org\/es\/wp-json\/wp\/v2\/comments?post=3903"}],"version-history":[{"count":9,"href":"https:\/\/lalligaonline.org\/es\/wp-json\/wp\/v2\/pages\/3903\/revisions"}],"predecessor-version":[{"id":4118,"href":"https:\/\/lalligaonline.org\/es\/wp-json\/wp\/v2\/pages\/3903\/revisions\/4118"}],"wp:attachment":[{"href":"https:\/\/lalligaonline.org\/es\/wp-json\/wp\/v2\/media?parent=3903"}],"curies":[{"name":"wp","href":"https:\/\/api.w.org\/{rel}","templated":true}]}}