{"id":3919,"date":"2023-09-05T08:51:25","date_gmt":"2023-09-05T08:51:25","guid":{"rendered":"https:\/\/lalligaonline.org\/?page_id=3919"},"modified":"2025-04-14T17:11:44","modified_gmt":"2025-04-14T17:11:44","slug":"lesport-integrador","status":"publish","type":"page","link":"https:\/\/lalligaonline.org\/es\/lesport-integrador\/","title":{"rendered":"L&#8217;ESPORT INTEGRADOR"},"content":{"rendered":"\t\t<div data-elementor-type=\"wp-page\" data-elementor-id=\"3919\" class=\"elementor elementor-3919 elementor-2164\" data-elementor-post-type=\"page\">\n\t\t\t\t<div class=\"elementor-element elementor-element-7ace008 e-flex e-con-boxed e-con e-parent\" data-id=\"7ace008\" data-element_type=\"container\" data-e-type=\"container\" data-settings=\"{&quot;background_background&quot;:&quot;gradient&quot;,&quot;jet_parallax_layout_list&quot;:[]}\">\n\t\t\t\t\t<div class=\"e-con-inner\">\n\t\t<div class=\"elementor-element elementor-element-1664f94 e-con-full elementor-hidden-tablet elementor-hidden-mobile e-flex e-con e-child\" data-id=\"1664f94\" data-element_type=\"container\" data-e-type=\"container\" data-settings=\"{&quot;jet_parallax_layout_list&quot;:[]}\">\n\t\t\t\t<div class=\"elementor-element elementor-element-1689153 elementor-widget elementor-widget-spacer\" data-id=\"1689153\" data-element_type=\"widget\" data-e-type=\"widget\" data-widget_type=\"spacer.default\">\n\t\t\t\t<div class=\"elementor-widget-container\">\n\t\t\t\t\t\t\t<div class=\"elementor-spacer\">\n\t\t\t<div class=\"elementor-spacer-inner\"><\/div>\n\t\t<\/div>\n\t\t\t\t\t\t<\/div>\n\t\t\t\t<\/div>\n\t\t\t\t<\/div>\n\t\t<div class=\"elementor-element elementor-element-df30f1c e-flex e-con-boxed e-con e-child\" data-id=\"df30f1c\" data-element_type=\"container\" data-e-type=\"container\" data-settings=\"{&quot;background_background&quot;:&quot;classic&quot;,&quot;jet_parallax_layout_list&quot;:[]}\">\n\t\t\t\t\t<div class=\"e-con-inner\">\n\t\t<div class=\"elementor-element elementor-element-bc85929 e-con-full e-flex e-con e-child\" data-id=\"bc85929\" data-element_type=\"container\" data-e-type=\"container\" data-settings=\"{&quot;jet_parallax_layout_list&quot;:[]}\">\n\t\t<div class=\"elementor-element elementor-element-8acd65a e-con-full e-flex e-con e-child\" data-id=\"8acd65a\" data-element_type=\"container\" data-e-type=\"container\" data-settings=\"{&quot;jet_parallax_layout_list&quot;:[]}\">\n\t\t\t\t<div class=\"elementor-element elementor-element-ecb3f5b elementor-widget__width-auto elementor-invisible elementor-widget elementor-widget-text-editor\" data-id=\"ecb3f5b\" data-element_type=\"widget\" data-e-type=\"widget\" data-settings=\"{&quot;_animation&quot;:&quot;fadeInRight&quot;,&quot;_animation_delay&quot;:200}\" data-widget_type=\"text-editor.default\">\n\t\t\t\t<div class=\"elementor-widget-container\">\n\t\t\t\t\t\t\t\t\t<h2><strong><span style=\"color: #008000;\">L\u2019ESPORT INTEGRADOR<\/span><\/strong><\/h2>\t\t\t\t\t\t\t\t<\/div>\n\t\t\t\t<\/div>\n\t\t\t\t<div class=\"elementor-element elementor-element-5989ea7 elementor-invisible elementor-widget elementor-widget-text-editor\" data-id=\"5989ea7\" data-element_type=\"widget\" data-e-type=\"widget\" data-settings=\"{&quot;_animation&quot;:&quot;fadeInRight&quot;,&quot;_animation_delay&quot;:500}\" data-widget_type=\"text-editor.default\">\n\t\t\t\t<div class=\"elementor-widget-container\">\n\t\t\t\t\t\t\t\t\t<p>A lo largo de 2022, <span style=\"color: #008000;\"><strong>LaLiga<\/strong><\/span> ha seguido promoviendo tanto el <span style=\"color: #008000;\"><strong>deporte adaptado<\/strong><\/span> como el <strong><span style=\"color: #008000;\">deporte unificado<\/span><\/strong>, con el objetivo de avanzar en dos metas principales: por un lado, mejorar la <strong><span style=\"color: #008000;\">calidad de vida<\/span><\/strong> y fomentar h\u00e1bitos de vida saludables; y por otro, dar <strong><span style=\"color: #008000;\">visibilidad<\/span> <\/strong>a las <span style=\"color: #008000;\"><strong>personas con discapacidad<\/strong><\/span> para favorecer su plena inclusi\u00f3n en la sociedad.<\/p><p>Desde la entidad se ha participado en varios eventos de promoci\u00f3n y difusi\u00f3n del <strong><span style=\"color: #008000;\">Deporte Adaptado y Unificado<\/span><\/strong>, organizados tambi\u00e9n con el apoyo y la colaboraci\u00f3n de la <strong><span style=\"color: #008000;\">Federaci\u00f3n Mestral<\/span><\/strong>.<\/p>\t\t\t\t\t\t\t\t<\/div>\n\t\t\t\t<\/div>\n\t\t\t\t<\/div>\n\t\t<div class=\"elementor-element elementor-element-526af92 e-flex e-con-boxed elementor-invisible e-con e-child\" data-id=\"526af92\" data-element_type=\"container\" data-e-type=\"container\" data-settings=\"{&quot;animation&quot;:&quot;zoomIn&quot;,&quot;animation_delay&quot;:1000,&quot;jet_parallax_layout_list&quot;:[]}\">\n\t\t\t\t\t<div class=\"e-con-inner\">\n\t\t\t\t<div class=\"elementor-element elementor-element-114151c elementor-widget__width-initial elementor-widget-mobile__width-initial elementor-invisible elementor-widget elementor-widget-image\" data-id=\"114151c\" data-element_type=\"widget\" data-e-type=\"widget\" data-settings=\"{&quot;_animation&quot;:&quot;zoomIn&quot;,&quot;_animation_delay&quot;:700}\" data-widget_type=\"image.default\">\n\t\t\t\t<div class=\"elementor-widget-container\">\n\t\t\t\t\t\t\t\t\t\t\t\t\t\t\t<img fetchpriority=\"high\" decoding=\"async\" width=\"707\" height=\"423\" src=\"https:\/\/lalligaonline.org\/wp-content\/uploads\/Sport-adaptat-2-1.jpg\" class=\"attachment-large size-large wp-image-3184\" alt=\"\" srcset=\"https:\/\/lalligaonline.org\/wp-content\/uploads\/Sport-adaptat-2-1.jpg 707w, https:\/\/lalligaonline.org\/wp-content\/uploads\/Sport-adaptat-2-1-600x359.jpg 600w\" sizes=\"(max-width: 707px) 100vw, 707px\" \/>\t\t\t\t\t\t\t\t\t\t\t\t\t\t\t<\/div>\n\t\t\t\t<\/div>\n\t\t\t\t\t<\/div>\n\t\t\t\t<\/div>\n\t\t\t\t<\/div>\n\t\t<div class=\"elementor-element elementor-element-33bddb6 e-con-full e-flex e-con e-child\" data-id=\"33bddb6\" data-element_type=\"container\" data-e-type=\"container\" data-settings=\"{&quot;animation_mobile&quot;:&quot;fadeIn&quot;,&quot;jet_parallax_layout_list&quot;:[]}\">\n\t\t\t\t<div class=\"elementor-element elementor-element-efd8945 elementor-widget-divider--separator-type-pattern elementor-widget-divider--view-line elementor-invisible elementor-widget elementor-widget-divider\" data-id=\"efd8945\" data-element_type=\"widget\" data-e-type=\"widget\" data-settings=\"{&quot;_animation&quot;:&quot;fadeIn&quot;,&quot;_animation_delay&quot;:1500}\" data-widget_type=\"divider.default\">\n\t\t\t\t<div class=\"elementor-widget-container\">\n\t\t\t\t\t\t\t<div class=\"elementor-divider\" style=\"--divider-pattern-url: url(&quot;data:image\/svg+xml,%3Csvg xmlns=&#039;http:\/\/www.w3.org\/2000\/svg&#039; preserveAspectRatio=&#039;none&#039; overflow=&#039;visible&#039; height=&#039;100%&#039; viewBox=&#039;0 0 24 24&#039; fill=&#039;black&#039; stroke=&#039;none&#039;%3E%3Cpath d=&#039;M12.7,2.3c-0.4-0.4-1.1-0.4-1.5,0l-8,9.1c-0.3,0.4-0.3,0.9,0,1.2l8,9.1c0.4,0.4,1.1,0.4,1.5,0l8-9.1c0.3-0.4,0.3-0.9,0-1.2L12.7,2.3z&#039;\/%3E%3C\/svg%3E&quot;);\">\n\t\t\t<span class=\"elementor-divider-separator\">\n\t\t\t\t\t\t<\/span>\n\t\t<\/div>\n\t\t\t\t\t\t<\/div>\n\t\t\t\t<\/div>\n\t\t\t\t<\/div>\n\t\t<div class=\"elementor-element elementor-element-b33f5b5 e-con-full e-flex e-con e-child\" data-id=\"b33f5b5\" data-element_type=\"container\" data-e-type=\"container\" data-settings=\"{&quot;jet_parallax_layout_list&quot;:[]}\">\n\t\t<div class=\"elementor-element elementor-element-320375a e-con-full e-flex elementor-invisible e-con e-child\" data-id=\"320375a\" data-element_type=\"container\" data-e-type=\"container\" data-settings=\"{&quot;animation&quot;:&quot;zoomIn&quot;,&quot;animation_delay&quot;:1000,&quot;jet_parallax_layout_list&quot;:[]}\">\n\t\t\t\t<div class=\"elementor-element elementor-element-cded729 elementor-widget__width-initial elementor-invisible elementor-widget elementor-widget-image\" data-id=\"cded729\" data-element_type=\"widget\" data-e-type=\"widget\" data-settings=\"{&quot;_animation&quot;:&quot;zoomIn&quot;,&quot;_animation_delay&quot;:1300}\" data-widget_type=\"image.default\">\n\t\t\t\t<div class=\"elementor-widget-container\">\n\t\t\t\t\t\t\t\t\t\t\t\t\t\t\t<img decoding=\"async\" width=\"700\" height=\"513\" src=\"https:\/\/lalligaonline.org\/wp-content\/uploads\/Sport-adaptat-1.jpg\" class=\"attachment-large size-large wp-image-3186\" alt=\"\" srcset=\"https:\/\/lalligaonline.org\/wp-content\/uploads\/Sport-adaptat-1.jpg 700w, https:\/\/lalligaonline.org\/wp-content\/uploads\/Sport-adaptat-1-600x440.jpg 600w\" sizes=\"(max-width: 700px) 100vw, 700px\" \/>\t\t\t\t\t\t\t\t\t\t\t\t\t\t\t<\/div>\n\t\t\t\t<\/div>\n\t\t\t\t<\/div>\n\t\t<div class=\"elementor-element elementor-element-28a515a e-con-full e-flex e-con e-child\" data-id=\"28a515a\" data-element_type=\"container\" data-e-type=\"container\" data-settings=\"{&quot;jet_parallax_layout_list&quot;:[]}\">\n\t\t\t\t<div class=\"elementor-element elementor-element-9b458a7 elementor-widget__width-auto elementor-invisible elementor-widget elementor-widget-text-editor\" data-id=\"9b458a7\" data-element_type=\"widget\" data-e-type=\"widget\" data-settings=\"{&quot;_animation&quot;:&quot;fadeInLeft&quot;,&quot;_animation_delay&quot;:900}\" data-widget_type=\"text-editor.default\">\n\t\t\t\t<div class=\"elementor-widget-container\">\n\t\t\t\t\t\t\t\t\t<h3><strong><span style=\"color: #008000;\">APOYO A LA PR\u00c1CTICA DEPORTIVA<\/span><\/strong><\/h3>\t\t\t\t\t\t\t\t<\/div>\n\t\t\t\t<\/div>\n\t\t\t\t<div class=\"elementor-element elementor-element-66619d9 elementor-invisible elementor-widget elementor-widget-text-editor\" data-id=\"66619d9\" data-element_type=\"widget\" data-e-type=\"widget\" data-settings=\"{&quot;_animation&quot;:&quot;fadeInLeft&quot;,&quot;_animation_delay&quot;:1100}\" data-widget_type=\"text-editor.default\">\n\t\t\t\t<div class=\"elementor-widget-container\">\n\t\t\t\t\t\t\t\t\t<p>Actividades para promover la <strong><span style=\"color: #008000;\">pr\u00e1ctica deportiva<\/span><\/strong> entre personas con discapacidad, ofreciendo <strong><span style=\"color: #008000;\">orientaci\u00f3n personalizada<\/span><\/strong> seg\u00fan las preferencias e intereses de cada joven, sus capacidades, la disponibilidad del deporte en cuesti\u00f3n y, cuando ha sido necesario, un acompa\u00f1amiento <strong><span style=\"color: #008000;\">hacia la competici\u00f3n<\/span><\/strong>.<\/p><p style=\"font-size: 16px;\">Se ha puesto de manifiesto la <strong><span style=\"color: #008000;\">necesidad<\/span> <\/strong>de contar con <strong><span style=\"color: #008000;\">escuelas y centros espec\u00edficos<\/span><\/strong> dedicados al deporte adaptado.<\/p>\t\t\t\t\t\t\t\t<\/div>\n\t\t\t\t<\/div>\n\t\t\t\t<\/div>\n\t\t\t\t<\/div>\n\t\t\t\t\t<\/div>\n\t\t\t\t<\/div>\n\t\t<div class=\"elementor-element elementor-element-505fdec elementor-hidden-tablet elementor-hidden-mobile e-con-full e-flex e-con e-child\" data-id=\"505fdec\" data-element_type=\"container\" data-e-type=\"container\" data-settings=\"{&quot;jet_parallax_layout_list&quot;:[]}\">\n\t\t\t\t<div class=\"elementor-element elementor-element-34fedf5 elementor-widget elementor-widget-spacer\" data-id=\"34fedf5\" data-element_type=\"widget\" data-e-type=\"widget\" data-widget_type=\"spacer.default\">\n\t\t\t\t<div class=\"elementor-widget-container\">\n\t\t\t\t\t\t\t<div class=\"elementor-spacer\">\n\t\t\t<div class=\"elementor-spacer-inner\"><\/div>\n\t\t<\/div>\n\t\t\t\t\t\t<\/div>\n\t\t\t\t<\/div>\n\t\t\t\t<\/div>\n\t\t\t\t\t<\/div>\n\t\t\t\t<\/div>\n\t\t\t\t<\/div>\n\t\t","protected":false},"excerpt":{"rendered":"<p>L\u2019ESPORT INTEGRADOR A lo largo de 2022, LaLiga ha seguido promoviendo tanto el deporte adaptado como el deporte unificado, con el objetivo de avanzar en dos metas principales: por un lado, mejorar la calidad de vida y fomentar h\u00e1bitos de vida saludables; y por otro, dar visibilidad a las personas con discapacidad para favorecer su [&hellip;]<\/p>\n","protected":false},"author":1,"featured_media":0,"parent":0,"menu_order":0,"comment_status":"closed","ping_status":"closed","template":"elementor_header_footer","meta":{"footnotes":""},"class_list":["post-3919","page","type-page","status-publish","hentry"],"yoast_head":"<!-- This site is optimized with the Yoast SEO plugin v27.2 - https:\/\/yoast.com\/product\/yoast-seo-wordpress\/ -->\n<title>L&#039;ESPORT INTEGRADOR - La Lliga Online<\/title>\n<meta name=\"robots\" content=\"index, follow, max-snippet:-1, max-image-preview:large, max-video-preview:-1\" \/>\n<link rel=\"canonical\" href=\"https:\/\/lalligaonline.org\/es\/lesport-integrador\/\" \/>\n<meta property=\"og:locale\" content=\"es_ES\" \/>\n<meta property=\"og:type\" content=\"article\" \/>\n<meta property=\"og:title\" content=\"L&#039;ESPORT INTEGRADOR - La Lliga Online\" \/>\n<meta property=\"og:description\" content=\"L\u2019ESPORT INTEGRADOR A lo largo de 2022, LaLiga ha seguido promoviendo tanto el deporte adaptado como el deporte unificado, con el objetivo de avanzar en dos metas principales: por un lado, mejorar la calidad de vida y fomentar h\u00e1bitos de vida saludables; y por otro, dar visibilidad a las personas con discapacidad para favorecer su [&hellip;]\" \/>\n<meta property=\"og:url\" content=\"https:\/\/lalligaonline.org\/es\/lesport-integrador\/\" \/>\n<meta property=\"og:site_name\" content=\"La Lliga Online\" \/>\n<meta property=\"article:modified_time\" content=\"2025-04-14T17:11:44+00:00\" \/>\n<meta property=\"og:image\" content=\"https:\/\/lalligaonline.org\/wp-content\/uploads\/Sport-adaptat-2-1.jpg\" \/>\n<meta name=\"twitter:card\" content=\"summary_large_image\" \/>\n<meta name=\"twitter:label1\" content=\"Tiempo de lectura\" \/>\n\t<meta name=\"twitter:data1\" content=\"2 minutos\" \/>\n<script type=\"application\/ld+json\" class=\"yoast-schema-graph\">{\"@context\":\"https:\/\/schema.org\",\"@graph\":[{\"@type\":\"WebPage\",\"@id\":\"https:\/\/lalligaonline.org\/es\/lesport-integrador\/\",\"url\":\"https:\/\/lalligaonline.org\/es\/lesport-integrador\/\",\"name\":\"L'ESPORT INTEGRADOR - La Lliga Online\",\"isPartOf\":{\"@id\":\"https:\/\/lalligaonline.org\/#website\"},\"primaryImageOfPage\":{\"@id\":\"https:\/\/lalligaonline.org\/es\/lesport-integrador\/#primaryimage\"},\"image\":{\"@id\":\"https:\/\/lalligaonline.org\/es\/lesport-integrador\/#primaryimage\"},\"thumbnailUrl\":\"https:\/\/lalligaonline.org\/wp-content\/uploads\/Sport-adaptat-2-1.jpg\",\"datePublished\":\"2023-09-05T08:51:25+00:00\",\"dateModified\":\"2025-04-14T17:11:44+00:00\",\"breadcrumb\":{\"@id\":\"https:\/\/lalligaonline.org\/es\/lesport-integrador\/#breadcrumb\"},\"inLanguage\":\"es\",\"potentialAction\":[{\"@type\":\"ReadAction\",\"target\":[\"https:\/\/lalligaonline.org\/es\/lesport-integrador\/\"]}]},{\"@type\":\"ImageObject\",\"inLanguage\":\"es\",\"@id\":\"https:\/\/lalligaonline.org\/es\/lesport-integrador\/#primaryimage\",\"url\":\"https:\/\/lalligaonline.org\/wp-content\/uploads\/Sport-adaptat-2-1.jpg\",\"contentUrl\":\"https:\/\/lalligaonline.org\/wp-content\/uploads\/Sport-adaptat-2-1.jpg\"},{\"@type\":\"BreadcrumbList\",\"@id\":\"https:\/\/lalligaonline.org\/es\/lesport-integrador\/#breadcrumb\",\"itemListElement\":[{\"@type\":\"ListItem\",\"position\":1,\"name\":\"Portada\",\"item\":\"https:\/\/lalligaonline.org\/es\/\"},{\"@type\":\"ListItem\",\"position\":2,\"name\":\"L&#8217;ESPORT INTEGRADOR\"}]},{\"@type\":\"WebSite\",\"@id\":\"https:\/\/lalligaonline.org\/#website\",\"url\":\"https:\/\/lalligaonline.org\/\",\"name\":\"La Lliga Online\",\"description\":\"La Lliga d&#039;Afectats Reumatol\u00f2gics i Discapacitats\",\"potentialAction\":[{\"@type\":\"SearchAction\",\"target\":{\"@type\":\"EntryPoint\",\"urlTemplate\":\"https:\/\/lalligaonline.org\/?s={search_term_string}\"},\"query-input\":{\"@type\":\"PropertyValueSpecification\",\"valueRequired\":true,\"valueName\":\"search_term_string\"}}],\"inLanguage\":\"es\"}]}<\/script>\n<!-- \/ Yoast SEO plugin. -->","yoast_head_json":{"title":"L'ESPORT INTEGRADOR - La Lliga Online","robots":{"index":"index","follow":"follow","max-snippet":"max-snippet:-1","max-image-preview":"max-image-preview:large","max-video-preview":"max-video-preview:-1"},"canonical":"https:\/\/lalligaonline.org\/es\/lesport-integrador\/","og_locale":"es_ES","og_type":"article","og_title":"L'ESPORT INTEGRADOR - La Lliga Online","og_description":"L\u2019ESPORT INTEGRADOR A lo largo de 2022, LaLiga ha seguido promoviendo tanto el deporte adaptado como el deporte unificado, con el objetivo de avanzar en dos metas principales: por un lado, mejorar la calidad de vida y fomentar h\u00e1bitos de vida saludables; y por otro, dar visibilidad a las personas con discapacidad para favorecer su [&hellip;]","og_url":"https:\/\/lalligaonline.org\/es\/lesport-integrador\/","og_site_name":"La Lliga Online","article_modified_time":"2025-04-14T17:11:44+00:00","og_image":[{"url":"https:\/\/lalligaonline.org\/wp-content\/uploads\/Sport-adaptat-2-1.jpg","type":"","width":"","height":""}],"twitter_card":"summary_large_image","twitter_misc":{"Tiempo de lectura":"2 minutos"},"schema":{"@context":"https:\/\/schema.org","@graph":[{"@type":"WebPage","@id":"https:\/\/lalligaonline.org\/es\/lesport-integrador\/","url":"https:\/\/lalligaonline.org\/es\/lesport-integrador\/","name":"L'ESPORT INTEGRADOR - La Lliga Online","isPartOf":{"@id":"https:\/\/lalligaonline.org\/#website"},"primaryImageOfPage":{"@id":"https:\/\/lalligaonline.org\/es\/lesport-integrador\/#primaryimage"},"image":{"@id":"https:\/\/lalligaonline.org\/es\/lesport-integrador\/#primaryimage"},"thumbnailUrl":"https:\/\/lalligaonline.org\/wp-content\/uploads\/Sport-adaptat-2-1.jpg","datePublished":"2023-09-05T08:51:25+00:00","dateModified":"2025-04-14T17:11:44+00:00","breadcrumb":{"@id":"https:\/\/lalligaonline.org\/es\/lesport-integrador\/#breadcrumb"},"inLanguage":"es","potentialAction":[{"@type":"ReadAction","target":["https:\/\/lalligaonline.org\/es\/lesport-integrador\/"]}]},{"@type":"ImageObject","inLanguage":"es","@id":"https:\/\/lalligaonline.org\/es\/lesport-integrador\/#primaryimage","url":"https:\/\/lalligaonline.org\/wp-content\/uploads\/Sport-adaptat-2-1.jpg","contentUrl":"https:\/\/lalligaonline.org\/wp-content\/uploads\/Sport-adaptat-2-1.jpg"},{"@type":"BreadcrumbList","@id":"https:\/\/lalligaonline.org\/es\/lesport-integrador\/#breadcrumb","itemListElement":[{"@type":"ListItem","position":1,"name":"Portada","item":"https:\/\/lalligaonline.org\/es\/"},{"@type":"ListItem","position":2,"name":"L&#8217;ESPORT INTEGRADOR"}]},{"@type":"WebSite","@id":"https:\/\/lalligaonline.org\/#website","url":"https:\/\/lalligaonline.org\/","name":"La Lliga Online","description":"La Lliga d&#039;Afectats Reumatol\u00f2gics i Discapacitats","potentialAction":[{"@type":"SearchAction","target":{"@type":"EntryPoint","urlTemplate":"https:\/\/lalligaonline.org\/?s={search_term_string}"},"query-input":{"@type":"PropertyValueSpecification","valueRequired":true,"valueName":"search_term_string"}}],"inLanguage":"es"}]}},"_links":{"self":[{"href":"https:\/\/lalligaonline.org\/es\/wp-json\/wp\/v2\/pages\/3919","targetHints":{"allow":["GET"]}}],"collection":[{"href":"https:\/\/lalligaonline.org\/es\/wp-json\/wp\/v2\/pages"}],"about":[{"href":"https:\/\/lalligaonline.org\/es\/wp-json\/wp\/v2\/types\/page"}],"author":[{"embeddable":true,"href":"https:\/\/lalligaonline.org\/es\/wp-json\/wp\/v2\/users\/1"}],"replies":[{"embeddable":true,"href":"https:\/\/lalligaonline.org\/es\/wp-json\/wp\/v2\/comments?post=3919"}],"version-history":[{"count":6,"href":"https:\/\/lalligaonline.org\/es\/wp-json\/wp\/v2\/pages\/3919\/revisions"}],"predecessor-version":[{"id":3931,"href":"https:\/\/lalligaonline.org\/es\/wp-json\/wp\/v2\/pages\/3919\/revisions\/3931"}],"wp:attachment":[{"href":"https:\/\/lalligaonline.org\/es\/wp-json\/wp\/v2\/media?parent=3919"}],"curies":[{"name":"wp","href":"https:\/\/api.w.org\/{rel}","templated":true}]}}