{"id":3992,"date":"2025-02-10T14:18:35","date_gmt":"2025-02-10T14:18:35","guid":{"rendered":"https:\/\/lalligaonline.org\/?page_id=3992"},"modified":"2025-04-15T15:13:27","modified_gmt":"2025-04-15T15:13:27","slug":"clausula-rgpd","status":"publish","type":"page","link":"https:\/\/lalligaonline.org\/es\/clausula-rgpd\/","title":{"rendered":"Clausula RGPD"},"content":{"rendered":"\t\t<div data-elementor-type=\"wp-page\" data-elementor-id=\"3992\" class=\"elementor elementor-3992 elementor-3261\" data-elementor-post-type=\"page\">\n\t\t\t\t<div class=\"elementor-element elementor-element-725b131 e-flex e-con-boxed e-con e-parent\" data-id=\"725b131\" data-element_type=\"container\" data-e-type=\"container\" data-settings=\"{&quot;background_background&quot;:&quot;gradient&quot;,&quot;jet_parallax_layout_list&quot;:[]}\">\n\t\t\t\t\t<div class=\"e-con-inner\">\n\t\t<div class=\"elementor-element elementor-element-8473c4d e-con-full elementor-hidden-tablet elementor-hidden-mobile e-flex e-con e-child\" data-id=\"8473c4d\" data-element_type=\"container\" data-e-type=\"container\" data-settings=\"{&quot;jet_parallax_layout_list&quot;:[]}\">\n\t\t\t\t<div class=\"elementor-element elementor-element-7bc31ca elementor-widget elementor-widget-spacer\" data-id=\"7bc31ca\" data-element_type=\"widget\" data-e-type=\"widget\" data-widget_type=\"spacer.default\">\n\t\t\t\t<div class=\"elementor-widget-container\">\n\t\t\t\t\t\t\t<div class=\"elementor-spacer\">\n\t\t\t<div class=\"elementor-spacer-inner\"><\/div>\n\t\t<\/div>\n\t\t\t\t\t\t<\/div>\n\t\t\t\t<\/div>\n\t\t\t\t<\/div>\n\t\t<div class=\"elementor-element elementor-element-82d619b e-con-full e-flex e-con e-child\" data-id=\"82d619b\" data-element_type=\"container\" data-e-type=\"container\" data-settings=\"{&quot;background_background&quot;:&quot;classic&quot;,&quot;jet_parallax_layout_list&quot;:[]}\">\n\t\t<div class=\"elementor-element elementor-element-0619687 e-con-full e-flex e-con e-child\" data-id=\"0619687\" data-element_type=\"container\" data-e-type=\"container\" data-settings=\"{&quot;jet_parallax_layout_list&quot;:[]}\">\n\t\t<div class=\"elementor-element elementor-element-8c89eb0 e-con-full e-flex e-con e-child\" data-id=\"8c89eb0\" data-element_type=\"container\" data-e-type=\"container\" data-settings=\"{&quot;jet_parallax_layout_list&quot;:[]}\">\n\t\t\t\t<div class=\"elementor-element elementor-element-e5920ab elementor-widget__width-inherit elementor-widget elementor-widget-text-editor\" data-id=\"e5920ab\" data-element_type=\"widget\" data-e-type=\"widget\" data-widget_type=\"text-editor.default\">\n\t\t\t\t<div class=\"elementor-widget-container\">\n\t\t\t\t\t\t\t\t\t<h1><strong><span style=\"color: #008000;\">Cl\u00e1usula informativa RGPD para e-mail<\/span><\/strong><\/h1>\t\t\t\t\t\t\t\t<\/div>\n\t\t\t\t<\/div>\n\t\t<div class=\"elementor-element elementor-element-a1332d9 e-con-full e-flex e-con e-child\" data-id=\"a1332d9\" data-element_type=\"container\" data-e-type=\"container\" data-settings=\"{&quot;jet_parallax_layout_list&quot;:[]}\">\n\t\t\t\t<div class=\"elementor-element elementor-element-903133a e-transform elementor-hidden-tablet elementor-hidden-mobile elementor-widget elementor-widget-image\" data-id=\"903133a\" data-element_type=\"widget\" data-e-type=\"widget\" data-settings=\"{&quot;_transform_translateX_effect&quot;:{&quot;unit&quot;:&quot;px&quot;,&quot;size&quot;:&quot;&quot;,&quot;sizes&quot;:[]},&quot;_transform_translateX_effect_tablet&quot;:{&quot;unit&quot;:&quot;px&quot;,&quot;size&quot;:&quot;&quot;,&quot;sizes&quot;:[]},&quot;_transform_translateX_effect_mobile&quot;:{&quot;unit&quot;:&quot;px&quot;,&quot;size&quot;:&quot;&quot;,&quot;sizes&quot;:[]},&quot;_transform_translateY_effect&quot;:{&quot;unit&quot;:&quot;px&quot;,&quot;size&quot;:&quot;&quot;,&quot;sizes&quot;:[]},&quot;_transform_translateY_effect_tablet&quot;:{&quot;unit&quot;:&quot;px&quot;,&quot;size&quot;:&quot;&quot;,&quot;sizes&quot;:[]},&quot;_transform_translateY_effect_mobile&quot;:{&quot;unit&quot;:&quot;px&quot;,&quot;size&quot;:&quot;&quot;,&quot;sizes&quot;:[]}}\" data-widget_type=\"image.default\">\n\t\t\t\t<div class=\"elementor-widget-container\">\n\t\t\t\t\t\t\t\t\t\t\t\t\t\t\t<img fetchpriority=\"high\" decoding=\"async\" width=\"500\" height=\"193\" src=\"https:\/\/lalligaonline.org\/wp-content\/uploads\/cropped-la-lliga-dafectats-reumatologics-i-discapacitats.png\" class=\"attachment-large size-large wp-image-16\" alt=\"\" \/>\t\t\t\t\t\t\t\t\t\t\t\t\t\t\t<\/div>\n\t\t\t\t<\/div>\n\t\t\t\t<\/div>\n\t\t\t\t<\/div>\n\t\t\t\t<div class=\"elementor-element elementor-element-4eb7fd0 elementor-widget elementor-widget-text-editor\" data-id=\"4eb7fd0\" data-element_type=\"widget\" data-e-type=\"widget\" data-widget_type=\"text-editor.default\">\n\t\t\t\t<div class=\"elementor-widget-container\">\n\t\t\t\t\t\t\t\t\t<p>Este mensaje y sus archivos adjuntos est\u00e1n dirigidos exclusivamente a su destinatario y pueden contener informaci\u00f3n confidencial sujeta a secreto profesional. No est\u00e1 permitida su reproducci\u00f3n o distribuci\u00f3n sin la autorizaci\u00f3n expresa de la <span style=\"color: #008000;\"><strong>ASSOCIACI\u00d3 LA LLIGA PER LA INCLLUSI\u00d3<\/strong><\/span>. Si usted no es el destinatario final, por favor elim\u00ednelo e inf\u00f3rmenos por esta misma v\u00eda.<\/p><p>Le informamos de que tratamos sus datos personales con la finalidad de llevar a cabo la <span style=\"color: #008000;\"><strong>gesti\u00f3n administrativa, contable y fiscal, mantener la comunicaci\u00f3n con nuestros contactos, as\u00ed como enviarle comunicaciones comerciales relacionadas con nuestros productos y\/o servicios<\/strong><\/span>. Los datos proporcionados se conservar\u00e1n mientras se mantenga la relaci\u00f3n comercial o durante el tiempo necesario para cumplir con las obligaciones legales. Los datos no se ceder\u00e1n a terceros salvo en los casos en que exista una obligaci\u00f3n legal.<\/p><p>Asimismo, le informamos de que puede ejercer los siguientes derechos en relaci\u00f3n con sus datos personales: derecho de acceso, rectificaci\u00f3n, supresi\u00f3n (derecho al olvido), limitaci\u00f3n del tratamiento, oposici\u00f3n, portabilidad y retirada del consentimiento prestado.<\/p><p>Para ello, puede enviar un correo electr\u00f3nico a: <a href=\"mailto:mtorres@openeurope.es\"><strong>mtorres@openeurope.es<\/strong><\/a><\/p><p>Adem\u00e1s, la persona interesada puede dirigirse a la Autoridad de Control competente en materia de Protecci\u00f3n de Datos para obtener m\u00e1s informaci\u00f3n o presentar una reclamaci\u00f3n.<\/p><p>Si no desea seguir recibiendo informaci\u00f3n de nuestra parte, p\u00f3ngase en contacto con nosotros enviando un correo electr\u00f3nico a la siguiente direcci\u00f3n: <a href=\"mailto:mtorres@openeurope.es\"><strong>mtorres@openeurope.es<\/strong><\/a><\/p><p>Datos identificativos: ASOCIACI\u00d3N LA LLIGA PER LA INCLUSI\u00d3, CIF B62546650, C\/ Boule n\u00ba3 \u2013 43201 \u2013 Reus \u2013 Tarragona, Tel. 877001000.<\/p>\t\t\t\t\t\t\t\t<\/div>\n\t\t\t\t<\/div>\n\t\t\t\t<\/div>\n\t\t\t\t<\/div>\n\t\t\t\t<div class=\"elementor-element elementor-element-2d4c5ab elementor-widget elementor-widget-spacer\" data-id=\"2d4c5ab\" data-element_type=\"widget\" data-e-type=\"widget\" data-widget_type=\"spacer.default\">\n\t\t\t\t<div class=\"elementor-widget-container\">\n\t\t\t\t\t\t\t<div class=\"elementor-spacer\">\n\t\t\t<div class=\"elementor-spacer-inner\"><\/div>\n\t\t<\/div>\n\t\t\t\t\t\t<\/div>\n\t\t\t\t<\/div>\n\t\t\t\t\t<\/div>\n\t\t\t\t<\/div>\n\t\t\t\t<\/div>\n\t\t","protected":false},"excerpt":{"rendered":"<p>Cl\u00e1usula informativa RGPD para e-mail Este mensaje y sus archivos adjuntos est\u00e1n dirigidos exclusivamente a su destinatario y pueden contener informaci\u00f3n confidencial sujeta a secreto profesional. No est\u00e1 permitida su reproducci\u00f3n o distribuci\u00f3n sin la autorizaci\u00f3n expresa de la ASSOCIACI\u00d3 LA LLIGA PER LA INCLLUSI\u00d3. Si usted no es el destinatario final, por favor elim\u00ednelo [&hellip;]<\/p>\n","protected":false},"author":1,"featured_media":0,"parent":0,"menu_order":0,"comment_status":"closed","ping_status":"closed","template":"elementor_header_footer","meta":{"footnotes":""},"class_list":["post-3992","page","type-page","status-publish","hentry"],"yoast_head":"<!-- This site is optimized with the Yoast SEO plugin v27.2 - https:\/\/yoast.com\/product\/yoast-seo-wordpress\/ -->\n<title>Clausula RGPD - La Lliga Online<\/title>\n<meta name=\"robots\" content=\"index, follow, max-snippet:-1, max-image-preview:large, max-video-preview:-1\" \/>\n<link rel=\"canonical\" href=\"https:\/\/lalligaonline.org\/es\/clausula-rgpd\/\" \/>\n<meta property=\"og:locale\" content=\"es_ES\" \/>\n<meta property=\"og:type\" content=\"article\" \/>\n<meta property=\"og:title\" content=\"Clausula RGPD - La Lliga Online\" \/>\n<meta property=\"og:description\" content=\"Cl\u00e1usula informativa RGPD para e-mail Este mensaje y sus archivos adjuntos est\u00e1n dirigidos exclusivamente a su destinatario y pueden contener informaci\u00f3n confidencial sujeta a secreto profesional. No est\u00e1 permitida su reproducci\u00f3n o distribuci\u00f3n sin la autorizaci\u00f3n expresa de la ASSOCIACI\u00d3 LA LLIGA PER LA INCLLUSI\u00d3. Si usted no es el destinatario final, por favor elim\u00ednelo [&hellip;]\" \/>\n<meta property=\"og:url\" content=\"https:\/\/lalligaonline.org\/es\/clausula-rgpd\/\" \/>\n<meta property=\"og:site_name\" content=\"La Lliga Online\" \/>\n<meta property=\"article:modified_time\" content=\"2025-04-15T15:13:27+00:00\" \/>\n<meta property=\"og:image\" content=\"https:\/\/lalligaonline.org\/wp-content\/uploads\/cropped-la-lliga-dafectats-reumatologics-i-discapacitats.png\" \/>\n<meta name=\"twitter:card\" content=\"summary_large_image\" \/>\n<meta name=\"twitter:label1\" content=\"Tiempo de lectura\" \/>\n\t<meta name=\"twitter:data1\" content=\"2 minutos\" \/>\n<script type=\"application\/ld+json\" class=\"yoast-schema-graph\">{\"@context\":\"https:\/\/schema.org\",\"@graph\":[{\"@type\":\"WebPage\",\"@id\":\"https:\/\/lalligaonline.org\/es\/clausula-rgpd\/\",\"url\":\"https:\/\/lalligaonline.org\/es\/clausula-rgpd\/\",\"name\":\"Clausula RGPD - La Lliga Online\",\"isPartOf\":{\"@id\":\"https:\/\/lalligaonline.org\/#website\"},\"primaryImageOfPage\":{\"@id\":\"https:\/\/lalligaonline.org\/es\/clausula-rgpd\/#primaryimage\"},\"image\":{\"@id\":\"https:\/\/lalligaonline.org\/es\/clausula-rgpd\/#primaryimage\"},\"thumbnailUrl\":\"https:\/\/lalligaonline.org\/wp-content\/uploads\/cropped-la-lliga-dafectats-reumatologics-i-discapacitats.png\",\"datePublished\":\"2025-02-10T14:18:35+00:00\",\"dateModified\":\"2025-04-15T15:13:27+00:00\",\"breadcrumb\":{\"@id\":\"https:\/\/lalligaonline.org\/es\/clausula-rgpd\/#breadcrumb\"},\"inLanguage\":\"es\",\"potentialAction\":[{\"@type\":\"ReadAction\",\"target\":[\"https:\/\/lalligaonline.org\/es\/clausula-rgpd\/\"]}]},{\"@type\":\"ImageObject\",\"inLanguage\":\"es\",\"@id\":\"https:\/\/lalligaonline.org\/es\/clausula-rgpd\/#primaryimage\",\"url\":\"https:\/\/lalligaonline.org\/wp-content\/uploads\/cropped-la-lliga-dafectats-reumatologics-i-discapacitats.png\",\"contentUrl\":\"https:\/\/lalligaonline.org\/wp-content\/uploads\/cropped-la-lliga-dafectats-reumatologics-i-discapacitats.png\"},{\"@type\":\"BreadcrumbList\",\"@id\":\"https:\/\/lalligaonline.org\/es\/clausula-rgpd\/#breadcrumb\",\"itemListElement\":[{\"@type\":\"ListItem\",\"position\":1,\"name\":\"Portada\",\"item\":\"https:\/\/lalligaonline.org\/es\/\"},{\"@type\":\"ListItem\",\"position\":2,\"name\":\"Clausula RGPD\"}]},{\"@type\":\"WebSite\",\"@id\":\"https:\/\/lalligaonline.org\/#website\",\"url\":\"https:\/\/lalligaonline.org\/\",\"name\":\"La Lliga Online\",\"description\":\"La Lliga d&#039;Afectats Reumatol\u00f2gics i Discapacitats\",\"potentialAction\":[{\"@type\":\"SearchAction\",\"target\":{\"@type\":\"EntryPoint\",\"urlTemplate\":\"https:\/\/lalligaonline.org\/?s={search_term_string}\"},\"query-input\":{\"@type\":\"PropertyValueSpecification\",\"valueRequired\":true,\"valueName\":\"search_term_string\"}}],\"inLanguage\":\"es\"}]}<\/script>\n<!-- \/ Yoast SEO plugin. -->","yoast_head_json":{"title":"Clausula RGPD - La Lliga Online","robots":{"index":"index","follow":"follow","max-snippet":"max-snippet:-1","max-image-preview":"max-image-preview:large","max-video-preview":"max-video-preview:-1"},"canonical":"https:\/\/lalligaonline.org\/es\/clausula-rgpd\/","og_locale":"es_ES","og_type":"article","og_title":"Clausula RGPD - La Lliga Online","og_description":"Cl\u00e1usula informativa RGPD para e-mail Este mensaje y sus archivos adjuntos est\u00e1n dirigidos exclusivamente a su destinatario y pueden contener informaci\u00f3n confidencial sujeta a secreto profesional. No est\u00e1 permitida su reproducci\u00f3n o distribuci\u00f3n sin la autorizaci\u00f3n expresa de la ASSOCIACI\u00d3 LA LLIGA PER LA INCLLUSI\u00d3. Si usted no es el destinatario final, por favor elim\u00ednelo [&hellip;]","og_url":"https:\/\/lalligaonline.org\/es\/clausula-rgpd\/","og_site_name":"La Lliga Online","article_modified_time":"2025-04-15T15:13:27+00:00","og_image":[{"url":"https:\/\/lalligaonline.org\/wp-content\/uploads\/cropped-la-lliga-dafectats-reumatologics-i-discapacitats.png","type":"","width":"","height":""}],"twitter_card":"summary_large_image","twitter_misc":{"Tiempo de lectura":"2 minutos"},"schema":{"@context":"https:\/\/schema.org","@graph":[{"@type":"WebPage","@id":"https:\/\/lalligaonline.org\/es\/clausula-rgpd\/","url":"https:\/\/lalligaonline.org\/es\/clausula-rgpd\/","name":"Clausula RGPD - La Lliga Online","isPartOf":{"@id":"https:\/\/lalligaonline.org\/#website"},"primaryImageOfPage":{"@id":"https:\/\/lalligaonline.org\/es\/clausula-rgpd\/#primaryimage"},"image":{"@id":"https:\/\/lalligaonline.org\/es\/clausula-rgpd\/#primaryimage"},"thumbnailUrl":"https:\/\/lalligaonline.org\/wp-content\/uploads\/cropped-la-lliga-dafectats-reumatologics-i-discapacitats.png","datePublished":"2025-02-10T14:18:35+00:00","dateModified":"2025-04-15T15:13:27+00:00","breadcrumb":{"@id":"https:\/\/lalligaonline.org\/es\/clausula-rgpd\/#breadcrumb"},"inLanguage":"es","potentialAction":[{"@type":"ReadAction","target":["https:\/\/lalligaonline.org\/es\/clausula-rgpd\/"]}]},{"@type":"ImageObject","inLanguage":"es","@id":"https:\/\/lalligaonline.org\/es\/clausula-rgpd\/#primaryimage","url":"https:\/\/lalligaonline.org\/wp-content\/uploads\/cropped-la-lliga-dafectats-reumatologics-i-discapacitats.png","contentUrl":"https:\/\/lalligaonline.org\/wp-content\/uploads\/cropped-la-lliga-dafectats-reumatologics-i-discapacitats.png"},{"@type":"BreadcrumbList","@id":"https:\/\/lalligaonline.org\/es\/clausula-rgpd\/#breadcrumb","itemListElement":[{"@type":"ListItem","position":1,"name":"Portada","item":"https:\/\/lalligaonline.org\/es\/"},{"@type":"ListItem","position":2,"name":"Clausula RGPD"}]},{"@type":"WebSite","@id":"https:\/\/lalligaonline.org\/#website","url":"https:\/\/lalligaonline.org\/","name":"La Lliga Online","description":"La Lliga d&#039;Afectats Reumatol\u00f2gics i Discapacitats","potentialAction":[{"@type":"SearchAction","target":{"@type":"EntryPoint","urlTemplate":"https:\/\/lalligaonline.org\/?s={search_term_string}"},"query-input":{"@type":"PropertyValueSpecification","valueRequired":true,"valueName":"search_term_string"}}],"inLanguage":"es"}]}},"_links":{"self":[{"href":"https:\/\/lalligaonline.org\/es\/wp-json\/wp\/v2\/pages\/3992","targetHints":{"allow":["GET"]}}],"collection":[{"href":"https:\/\/lalligaonline.org\/es\/wp-json\/wp\/v2\/pages"}],"about":[{"href":"https:\/\/lalligaonline.org\/es\/wp-json\/wp\/v2\/types\/page"}],"author":[{"embeddable":true,"href":"https:\/\/lalligaonline.org\/es\/wp-json\/wp\/v2\/users\/1"}],"replies":[{"embeddable":true,"href":"https:\/\/lalligaonline.org\/es\/wp-json\/wp\/v2\/comments?post=3992"}],"version-history":[{"count":6,"href":"https:\/\/lalligaonline.org\/es\/wp-json\/wp\/v2\/pages\/3992\/revisions"}],"predecessor-version":[{"id":3998,"href":"https:\/\/lalligaonline.org\/es\/wp-json\/wp\/v2\/pages\/3992\/revisions\/3998"}],"wp:attachment":[{"href":"https:\/\/lalligaonline.org\/es\/wp-json\/wp\/v2\/media?parent=3992"}],"curies":[{"name":"wp","href":"https:\/\/api.w.org\/{rel}","templated":true}]}}